{"id":26611,"date":"2022-03-09T12:22:55","date_gmt":"2022-03-09T10:22:55","guid":{"rendered":"http:\/\/www.cerdanya.org\/recetas\/trinxat-trinchado-de-cerdanya\/"},"modified":"2022-04-28T13:52:39","modified_gmt":"2022-04-28T11:52:39","slug":"trinxat-trinchado-de-cerdanya","status":"publish","type":"page","link":"https:\/\/cerdanya.org\/es\/gastronomia\/recetas\/trinxat-trinchado-de-cerdanya\/","title":{"rendered":"Trinxat (trinchado) de Cerdanya"},"content":{"rendered":"<div id='av_section_1'  class='avia-section av-hcg34-dbb0092a76b1e9b02c598c8889c3246c main_color avia-section-default avia-no-border-styling  avia-builder-el-0  avia-builder-el-no-sibling  avia-bg-style-scroll container_wrap fullsize'  ><div class='container av-section-cont-open' ><main  role=\"main\" itemprop=\"mainContentOfPage\"  class='template-page content  av-content-full alpha units'><div class='post-entry post-entry-type-page post-entry-26611'><div class='entry-content-wrapper clearfix'>\n\n<style type=\"text\/css\" data-created_by=\"avia_inline_auto\" id=\"style-css-av-d62i8-e1b62b7dc067bcf2940624526674b441\">\n.flex_column.av-d62i8-e1b62b7dc067bcf2940624526674b441{\nborder-radius:0px 0px 0px 0px;\npadding:0px 0px 0px 0px;\n}\n<\/style>\n<div  class='flex_column av-d62i8-e1b62b7dc067bcf2940624526674b441 av_one_third  avia-builder-el-1  el_before_av_two_third  avia-builder-el-first  first flex_column_div av-zero-column-padding  '     ><p>\n<style type=\"text\/css\" data-created_by=\"avia_inline_auto\" id=\"style-css-av-jvc89ocd-7b0e86563b35f343f9d843b5715886e8\">\n.avia-image-container.av-jvc89ocd-7b0e86563b35f343f9d843b5715886e8 img.avia_image{\nbox-shadow:none;\n}\n.avia-image-container.av-jvc89ocd-7b0e86563b35f343f9d843b5715886e8 .av-image-caption-overlay-center{\ncolor:#ffffff;\n}\n<\/style>\n<div  class='avia-image-container av-jvc89ocd-7b0e86563b35f343f9d843b5715886e8 av-styling- avia-align-center  avia-builder-el-2  el_before_av_textblock  avia-builder-el-first '   itemprop=\"image\" itemscope=\"itemscope\" itemtype=\"https:\/\/schema.org\/ImageObject\" ><div class=\"avia-image-container-inner\"><div class=\"avia-image-overlay-wrap\"><img decoding=\"async\" fetchpriority=\"high\" class='wp-image-16505 avia-img-lazy-loading-not-16505 avia_image ' src=\"https:\/\/cerdanya.org\/wp-content\/uploads\/2019\/05\/trinxat-1030x677.jpg\" alt='Receptes' title='trinxat'  height=\"677\" width=\"1030\"  itemprop=\"thumbnailUrl\" srcset=\"https:\/\/cerdanya.org\/wp-content\/uploads\/2019\/05\/trinxat-1030x677.jpg 1030w, https:\/\/cerdanya.org\/wp-content\/uploads\/2019\/05\/trinxat-300x197.jpg 300w, https:\/\/cerdanya.org\/wp-content\/uploads\/2019\/05\/trinxat-768x505.jpg 768w, https:\/\/cerdanya.org\/wp-content\/uploads\/2019\/05\/trinxat-1500x985.jpg 1500w, https:\/\/cerdanya.org\/wp-content\/uploads\/2019\/05\/trinxat-705x463.jpg 705w, https:\/\/cerdanya.org\/wp-content\/uploads\/2019\/05\/trinxat-450x296.jpg 450w, https:\/\/cerdanya.org\/wp-content\/uploads\/2019\/05\/trinxat.jpg 1746w\" sizes=\"(max-width: 1030px) 100vw, 1030px\" \/><\/div><\/div><\/div><br \/>\n<section  class='av_textblock_section av-jvc87pz8-24e22b4bdaf5d3db5e617461c51bdbd2 '   itemscope=\"itemscope\" itemtype=\"https:\/\/schema.org\/CreativeWork\" ><div class='avia_textblock'  itemprop=\"text\" ><p><strong>Autor<\/strong><\/p>\n<p><a href=\"http:\/\/www.cuinacatalana.eu\/\" target=\"_blank\" rel=\"noopener noreferrer\">Fundaci\u00f3n Instituto Catal\u00e1n de la Cocina y la Cultura Gastron\u00f3mica<\/a><\/p>\n<\/div><\/section><\/p><\/div>\n<style type=\"text\/css\" data-created_by=\"avia_inline_auto\" id=\"style-css-av-8udkg-49e0a2a8e2ba57ff1decc227e1ecf295\">\n.flex_column.av-8udkg-49e0a2a8e2ba57ff1decc227e1ecf295{\nborder-radius:0px 0px 0px 0px;\npadding:0px 0px 0px 0px;\n}\n<\/style>\n<div  class='flex_column av-8udkg-49e0a2a8e2ba57ff1decc227e1ecf295 av_two_third  avia-builder-el-4  el_after_av_one_third  avia-builder-el-last  flex_column_div av-zero-column-padding  '     ><p>\n<style type=\"text\/css\" data-created_by=\"avia_inline_auto\" id=\"style-css-av-jvc8k2v5-b530ae9fea88d9b2892306e99c5cd481\">\n#top .hr.hr-invisible.av-jvc8k2v5-b530ae9fea88d9b2892306e99c5cd481{\nheight:30px;\n}\n<\/style>\n<div  class='hr av-jvc8k2v5-b530ae9fea88d9b2892306e99c5cd481 hr-invisible  avia-builder-el-5  el_before_av_textblock  avia-builder-el-first '><span class='hr-inner '><span class=\"hr-inner-style\"><\/span><\/span><\/div><br \/>\n<section  class='av_textblock_section av-jvc87pz8-24e22b4bdaf5d3db5e617461c51bdbd2 '   itemscope=\"itemscope\" itemtype=\"https:\/\/schema.org\/CreativeWork\" ><div class='avia_textblock'  itemprop=\"text\" ><p><strong>Ingredientes<\/strong><\/p>\n<ul>\n<li>1 repollo de invierno<\/li>\n<li>1 kg de patatas<\/li>\n<li>4 cortes de rosta (tocino)<\/li>\n<li>Aceite \/ Sal \/ Agua<\/li>\n<\/ul>\n<p><strong>Elaboraci\u00f3n<\/strong><\/p>\n<p>Hervir las patatas y el repollo en agua y un poco de sal hasta que casi se deshagan. En una sart\u00e9n con aceite doramos los trozos de tocino y reservamos. En el mismo aceite sofre\u00edr las patatas y el repollo bien escurridas, removi\u00e9ndolas y aplast\u00e1ndolas. En el momento de servir al plato, poner el tocino por encima.<\/p>\n<p><strong>Variaciones<\/strong><\/p>\n<p>Se puede acompa\u00f1ar de unos cortes de butifarra negra pasada por la sart\u00e9n o de un arenque.<br \/>\nSe puede poner ajo trinchado en la sart\u00e9n con la rosta.<\/p>\n<p>Tambi\u00e9n se puede pasar todo por la sart\u00e9n, dejar que se tueste un poco por ambos lados.<\/p>\n<\/div><\/section><br \/>\n\n<style type=\"text\/css\" data-created_by=\"avia_inline_auto\" id=\"style-css-av-k9l2lsyj-50136044f64ae289a9abd2cb136752bb\">\n#top .hr.hr-invisible.av-k9l2lsyj-50136044f64ae289a9abd2cb136752bb{\nheight:20px;\n}\n<\/style>\n<div  class='hr av-k9l2lsyj-50136044f64ae289a9abd2cb136752bb hr-invisible  avia-builder-el-7  el_after_av_textblock  el_before_av_button '><span class='hr-inner '><span class=\"hr-inner-style\"><\/span><\/span><\/div><br \/>\n<div  class='avia-button-wrap av-k9l2nixi-f5cf7c517622c3f9e2c826572cc29f39-wrap avia-button-center  avia-builder-el-8  el_after_av_hr  avia-builder-el-last '>\n<style type=\"text\/css\" data-created_by=\"avia_inline_auto\" id=\"style-css-av-k9l2nixi-f5cf7c517622c3f9e2c826572cc29f39\">\n#top #wrap_all .avia-button.av-k9l2nixi-f5cf7c517622c3f9e2c826572cc29f39{\nbackground-color:#9e9e9e;\nborder-color:#9e9e9e;\ncolor:#ffffff;\ntransition:all 0.4s ease-in-out;\n}\n#top #wrap_all .avia-button.av-k9l2nixi-f5cf7c517622c3f9e2c826572cc29f39 .avia-svg-icon svg:first-child{\nfill:#ffffff;\nstroke:#ffffff;\n}\n<\/style>\n<a href='http:\/\/www.cerdanya.org\/wp-content\/uploads\/2020\/04\/recepta-trinxat.pdf'  class='avia-button av-k9l2nixi-f5cf7c517622c3f9e2c826572cc29f39 av-link-btn avia-icon_select-yes-right-icon avia-size-large avia-position-center'  target=\"_blank\"  rel=\"noopener noreferrer\"  aria-label=\"Descarga la receta\"><span class='avia_iconbox_title' >Descarga la receta<\/span><span class='avia_button_icon avia_button_icon_right avia-iconfont avia-font-entypo-fontello' data-av_icon='\ue838' data-av_iconfont='entypo-fontello' ><\/span><\/a><\/div><\/p><\/div>\n","protected":false},"excerpt":{"rendered":"","protected":false},"author":7,"featured_media":16505,"parent":26477,"menu_order":10,"comment_status":"closed","ping_status":"closed","template":"","meta":{"footnotes":""},"class_list":["post-26611","page","type-page","status-publish","has-post-thumbnail","hentry"],"_links":{"self":[{"href":"https:\/\/cerdanya.org\/es\/wp-json\/wp\/v2\/pages\/26611","targetHints":{"allow":["GET"]}}],"collection":[{"href":"https:\/\/cerdanya.org\/es\/wp-json\/wp\/v2\/pages"}],"about":[{"href":"https:\/\/cerdanya.org\/es\/wp-json\/wp\/v2\/types\/page"}],"author":[{"embeddable":true,"href":"https:\/\/cerdanya.org\/es\/wp-json\/wp\/v2\/users\/7"}],"replies":[{"embeddable":true,"href":"https:\/\/cerdanya.org\/es\/wp-json\/wp\/v2\/comments?post=26611"}],"version-history":[{"count":0,"href":"https:\/\/cerdanya.org\/es\/wp-json\/wp\/v2\/pages\/26611\/revisions"}],"up":[{"embeddable":true,"href":"https:\/\/cerdanya.org\/es\/wp-json\/wp\/v2\/pages\/26477"}],"wp:featuredmedia":[{"embeddable":true,"href":"https:\/\/cerdanya.org\/es\/wp-json\/wp\/v2\/media\/16505"}],"wp:attachment":[{"href":"https:\/\/cerdanya.org\/es\/wp-json\/wp\/v2\/media?parent=26611"}],"curies":[{"name":"wp","href":"https:\/\/api.w.org\/{rel}","templated":true}]}}