{"id":26604,"date":"2022-03-09T11:52:02","date_gmt":"2022-03-09T09:52:02","guid":{"rendered":"http:\/\/www.cerdanya.org\/descubre\/cultura\/leyendas\/chipaguazin-una-princesa-azteca-en-la-cerdanya\/"},"modified":"2022-04-28T13:52:36","modified_gmt":"2022-04-28T11:52:36","slug":"chipaguazin-una-princesa-azteca-en-la-cerdanya","status":"publish","type":"page","link":"https:\/\/cerdanya.org\/es\/descubre\/cultura\/leyendas\/chipaguazin-una-princesa-azteca-en-la-cerdanya\/","title":{"rendered":"Chipaguaz\u00edn: una princesa azteca en la Cerdanya"},"content":{"rendered":"\n<style type=\"text\/css\" data-created_by=\"avia_inline_auto\" id=\"style-css-av-36rb4oj-ba4d95154227ed0d8a771e7152bf9e9e\">\n.flex_column.av-36rb4oj-ba4d95154227ed0d8a771e7152bf9e9e{\nborder-radius:0px 0px 0px 0px;\npadding:0px 0px 0px 0px;\n}\n<\/style>\n<div  class='flex_column av-36rb4oj-ba4d95154227ed0d8a771e7152bf9e9e av_one_half  avia-builder-el-0  el_before_av_one_half  avia-builder-el-first  first flex_column_div av-zero-column-padding  '     ><section  class='av_textblock_section av-ksyomoyl-25f1f3c8b1a0a9b03a6473be4799410f '   itemscope=\"itemscope\" itemtype=\"https:\/\/schema.org\/CreativeWork\" ><div class='avia_textblock'  itemprop=\"text\" ><p>Chipaguaz\u00edn Moctezuma, hija del emperador azteca, se cas\u00f3 con Joan Grau, bar\u00f3n de Toloriu. La mas\u00eda Vima, en este municipio de la Cerdanya, era el centro de la baron\u00eda. Resultar\u00eda que Joan Grau se embarc\u00f3 con Hern\u00e1n Cort\u00e9s en la expedici\u00f3n hacia el Nuevo Mundo. Casado o no con la princesa, se la llev\u00f3 despu\u00e9s a su tierra. Al parecer, la princesa se habr\u00eda hecho acompa\u00f1ar de un hermano suyo y de doce indios para servirla. La princesa se habr\u00eda hecho bautizar y habr\u00eda adoptado el nombre de Mar\u00eda. Su hermano habr\u00eda regresado a M\u00e9xico al cabo de un a\u00f1o. Xipaguaz\u00edn habr\u00eda muerto en Toloriu el 10 de enero del a\u00f1o 1537 y habr\u00eda sido enterrada en la parroquia del pueblo.<\/p>\n<p>Se dice que antes de su muerte habr\u00eda enterrado su tesoro personal en alg\u00fan lugar de la mas\u00eda Vima. En 1936 su tumba fue saqueada y destruida.<\/p>\n<p>Tambi\u00e9n en 1936, un grupo de aventureros alemanes llegaron a Toloriu con la intenci\u00f3n de encontrar el tesoro e hicieron agujeros por todos los lados de la finca. Lo mismo sucedi\u00f3 con un grupo de espele\u00f3logos de Madrid el a\u00f1o 1960, as\u00ed como otras personas que tambi\u00e9n han realizado b\u00fasquedas del tesoro.<\/p>\n<\/div><\/section><\/div>\n<style type=\"text\/css\" data-created_by=\"avia_inline_auto\" id=\"style-css-av-1ng0qsz-23c1aa3b7ae50c716d5e85aa47409484\">\n.flex_column.av-1ng0qsz-23c1aa3b7ae50c716d5e85aa47409484{\nborder-radius:0px 0px 0px 0px;\npadding:0px 0px 0px 0px;\n}\n<\/style>\n<div  class='flex_column av-1ng0qsz-23c1aa3b7ae50c716d5e85aa47409484 av_one_half  avia-builder-el-2  el_after_av_one_half  avia-builder-el-last  flex_column_div av-zero-column-padding  '     ><p>\n<style type=\"text\/css\" data-created_by=\"avia_inline_auto\" id=\"style-css-av-av_heading-b25249cb29ab13207759e0d5d96307ea\">\n#top .av-special-heading.av-av_heading-b25249cb29ab13207759e0d5d96307ea{\npadding-bottom:10px;\n}\nbody .av-special-heading.av-av_heading-b25249cb29ab13207759e0d5d96307ea .av-special-heading-tag .heading-char{\nfont-size:25px;\n}\n.av-special-heading.av-av_heading-b25249cb29ab13207759e0d5d96307ea .av-subheading{\nfont-size:15px;\n}\n<\/style>\n<div  class='av-special-heading av-av_heading-b25249cb29ab13207759e0d5d96307ea av-special-heading-h3  avia-builder-el-3  el_before_av_player  avia-builder-el-first '><h3 class='av-special-heading-tag '  itemprop=\"headline\"  >Escolta la llegenda<\/h3><div class=\"special-heading-border\"><div class=\"special-heading-inner-border\"><\/div><\/div><\/div><br \/>\n<div id=\"av_player-1\" class=\"av-player av-player-container av-kwp1gaol-fc6c4040781e7dae89e9de85a5eabb3b avia-playerstyle-classic av_player-1  avia-builder-el-4  el_after_av_heading  el_before_av_player  first avia-playlist-no-loop avia-playlist-hide-cover\"><div class=\"av-player-player-container\"><div class=\"wp-playlist wp-audio-playlist wp-playlist-light\">\n\t\t\t<div class=\"wp-playlist-current-item\"><\/div>\n\t\t<audio controls=\"controls\" preload=\"none\" width=\"1478\"\n\t\t\t><\/audio>\n\t<div class=\"wp-playlist-next\"><\/div>\n\t<div class=\"wp-playlist-prev\"><\/div>\n\t<noscript>\n\t<ol>\n\t\t<li><a href='https:\/\/cerdanya.org\/wp-content\/uploads\/2022\/01\/xipaguazin-una-princesa-asteca-a-la-cerdanya-CAT.mp3'>CATAL\u00c0<\/a><\/li>\t<\/ol>\n\t<\/noscript>\n\t<script type=\"application\/json\" class=\"wp-playlist-script\">{\"type\":\"audio\",\"tracklist\":true,\"tracknumbers\":true,\"images\":true,\"artists\":true,\"tracks\":[{\"src\":\"https:\/\/cerdanya.org\/wp-content\/uploads\/2022\/01\/xipaguazin-una-princesa-asteca-a-la-cerdanya-CAT.mp3\",\"type\":\"audio\/mpeg\",\"title\":\"CATAL\\u00c0\",\"caption\":\"Xipaguaz\\u00edn: una princesa asteca a la Cerdanya\",\"description\":\"Xipaguaz\\u00edn: una princesa asteca a la Cerdanya\",\"meta\":{\"album\":\"Xipaguaz\\u00edn: una princesa asteca a la Cerdanya\",\"year\":\"2021\",\"length_formatted\":\"1:16\"},\"image\":{\"src\":\"https:\/\/cerdanya.org\/wp-includes\/images\/media\/audio.svg\",\"width\":48,\"height\":64},\"thumb\":{\"src\":\"https:\/\/cerdanya.org\/wp-includes\/images\/media\/audio.svg\",\"width\":48,\"height\":64}}]}<\/script>\n<\/div>\n\t<\/div><\/div><br \/>\n<div id=\"av_player-2\" class=\"av-player av-player-container av-kwp1gaol-fc6c4040781e7dae89e9de85a5eabb3b avia-playerstyle-classic av_player-2  avia-builder-el-5  el_after_av_player  el_before_av_player  avia-playlist-no-loop avia-playlist-hide-cover\"><div class=\"av-player-player-container\"><div class=\"wp-playlist wp-audio-playlist wp-playlist-light\">\n\t\t\t<div class=\"wp-playlist-current-item\"><\/div>\n\t\t<audio controls=\"controls\" preload=\"none\" width=\"1478\"\n\t\t\t><\/audio>\n\t<div class=\"wp-playlist-next\"><\/div>\n\t<div class=\"wp-playlist-prev\"><\/div>\n\t<noscript>\n\t<ol>\n\t\t<li><a href='https:\/\/cerdanya.org\/wp-content\/uploads\/2022\/01\/xipaguazin-una-princesa-asteca-a-la-cerdanya-ES.mp3'>CASTELL\u00c0<\/a><\/li>\t<\/ol>\n\t<\/noscript>\n\t<script type=\"application\/json\" class=\"wp-playlist-script\">{\"type\":\"audio\",\"tracklist\":true,\"tracknumbers\":true,\"images\":true,\"artists\":true,\"tracks\":[{\"src\":\"https:\/\/cerdanya.org\/wp-content\/uploads\/2022\/01\/xipaguazin-una-princesa-asteca-a-la-cerdanya-ES.mp3\",\"type\":\"audio\/mpeg\",\"title\":\"CASTELL\\u00c0\",\"caption\":\"Xipaguazin: una princesa azteca en la Cerdanya\",\"description\":\"\\\"ES XIPAGUACIN\\\". Any de publicaci\\u00f3: 2021. \\u00c0udio 1.\",\"meta\":{\"album\":\"Xipaguazin: una princesa azteca en la Cerdanya\",\"year\":\"2021\",\"length_formatted\":\"1:16\"},\"image\":{\"src\":\"https:\/\/cerdanya.org\/wp-includes\/images\/media\/audio.svg\",\"width\":48,\"height\":64},\"thumb\":{\"src\":\"https:\/\/cerdanya.org\/wp-includes\/images\/media\/audio.svg\",\"width\":48,\"height\":64}}]}<\/script>\n<\/div>\n\t<\/div><\/div><br \/>\n<div id=\"av_player-3\" class=\"av-player av-player-container av-kwp1gaol-fc6c4040781e7dae89e9de85a5eabb3b avia-playerstyle-classic av_player-3  avia-builder-el-6  el_after_av_player  el_before_av_player  avia-playlist-no-loop avia-playlist-hide-cover\"><div class=\"av-player-player-container\"><div class=\"wp-playlist wp-audio-playlist wp-playlist-light\">\n\t\t\t<div class=\"wp-playlist-current-item\"><\/div>\n\t\t<audio controls=\"controls\" preload=\"none\" width=\"1478\"\n\t\t\t><\/audio>\n\t<div class=\"wp-playlist-next\"><\/div>\n\t<div class=\"wp-playlist-prev\"><\/div>\n\t<noscript>\n\t<ol>\n\t\t<li><a href='https:\/\/cerdanya.org\/wp-content\/uploads\/2022\/01\/xipaguazin-una-princesa-asteca-a-la-cerdanya-ENG.mp3'>ANGL\u00c8S<\/a><\/li>\t<\/ol>\n\t<\/noscript>\n\t<script type=\"application\/json\" class=\"wp-playlist-script\">{\"type\":\"audio\",\"tracklist\":true,\"tracknumbers\":true,\"images\":true,\"artists\":true,\"tracks\":[{\"src\":\"https:\/\/cerdanya.org\/wp-content\/uploads\/2022\/01\/xipaguazin-una-princesa-asteca-a-la-cerdanya-ENG.mp3\",\"type\":\"audio\/mpeg\",\"title\":\"ANGL\\u00c8S\",\"caption\":\"Xipaguaz\\u00edn: an Aztec princess in Cerdanya\",\"description\":\"Xipaguaz\\u00edn: una princesa asteca a la Cerdanya\",\"meta\":{\"album\":\"Xipaguaz\\u00edn: an Aztec princess in Cerdanya\",\"year\":\"2021\",\"length_formatted\":\"1:21\"},\"image\":{\"src\":\"https:\/\/cerdanya.org\/wp-includes\/images\/media\/audio.svg\",\"width\":48,\"height\":64},\"thumb\":{\"src\":\"https:\/\/cerdanya.org\/wp-includes\/images\/media\/audio.svg\",\"width\":48,\"height\":64}}]}<\/script>\n<\/div>\n\t<\/div><\/div><br \/>\n<div id=\"av_player-4\" class=\"av-player av-player-container av-kwp1gaol-fc6c4040781e7dae89e9de85a5eabb3b avia-playerstyle-classic av_player-4  avia-builder-el-7  el_after_av_player  avia-builder-el-last  avia-playlist-no-loop avia-playlist-hide-cover\"><div class=\"av-player-player-container\"><div class=\"wp-playlist wp-audio-playlist wp-playlist-light\">\n\t\t\t<div class=\"wp-playlist-current-item\"><\/div>\n\t\t<audio controls=\"controls\" preload=\"none\" width=\"1478\"\n\t\t\t><\/audio>\n\t<div class=\"wp-playlist-next\"><\/div>\n\t<div class=\"wp-playlist-prev\"><\/div>\n\t<noscript>\n\t<ol>\n\t\t<li><a href='https:\/\/cerdanya.org\/wp-content\/uploads\/2022\/01\/xipaguazin-una-princesa-asteca-a-la-cerdanya-FR.mp3'>FRANC\u00c8S<\/a><\/li>\t<\/ol>\n\t<\/noscript>\n\t<script type=\"application\/json\" class=\"wp-playlist-script\">{\"type\":\"audio\",\"tracklist\":true,\"tracknumbers\":true,\"images\":true,\"artists\":true,\"tracks\":[{\"src\":\"https:\/\/cerdanya.org\/wp-content\/uploads\/2022\/01\/xipaguazin-una-princesa-asteca-a-la-cerdanya-FR.mp3\",\"type\":\"audio\/mpeg\",\"title\":\"FRANC\\u00c8S\",\"caption\":\"Xipaguaz\\u00edn : une princesse azt\\u00e8que en Cerdagne\",\"description\":\"Xipaguaz\\u00edn: una princesa asteca a la Cerdanya\",\"meta\":{\"album\":\"Xipaguaz\\u00edn : une princesse azt\\u00e8que en Cerdagne\",\"year\":\"2021\",\"length_formatted\":\"1:16\"},\"image\":{\"src\":\"https:\/\/cerdanya.org\/wp-includes\/images\/media\/audio.svg\",\"width\":48,\"height\":64},\"thumb\":{\"src\":\"https:\/\/cerdanya.org\/wp-includes\/images\/media\/audio.svg\",\"width\":48,\"height\":64}}]}<\/script>\n<\/div>\n\t<\/div><\/div><\/p><\/div><\/p>\n","protected":false},"excerpt":{"rendered":"","protected":false},"author":7,"featured_media":19175,"parent":26468,"menu_order":150,"comment_status":"closed","ping_status":"closed","template":"","meta":{"footnotes":""},"class_list":["post-26604","page","type-page","status-publish","has-post-thumbnail","hentry"],"_links":{"self":[{"href":"https:\/\/cerdanya.org\/es\/wp-json\/wp\/v2\/pages\/26604","targetHints":{"allow":["GET"]}}],"collection":[{"href":"https:\/\/cerdanya.org\/es\/wp-json\/wp\/v2\/pages"}],"about":[{"href":"https:\/\/cerdanya.org\/es\/wp-json\/wp\/v2\/types\/page"}],"author":[{"embeddable":true,"href":"https:\/\/cerdanya.org\/es\/wp-json\/wp\/v2\/users\/7"}],"replies":[{"embeddable":true,"href":"https:\/\/cerdanya.org\/es\/wp-json\/wp\/v2\/comments?post=26604"}],"version-history":[{"count":0,"href":"https:\/\/cerdanya.org\/es\/wp-json\/wp\/v2\/pages\/26604\/revisions"}],"up":[{"embeddable":true,"href":"https:\/\/cerdanya.org\/es\/wp-json\/wp\/v2\/pages\/26468"}],"wp:featuredmedia":[{"embeddable":true,"href":"https:\/\/cerdanya.org\/es\/wp-json\/wp\/v2\/media\/19175"}],"wp:attachment":[{"href":"https:\/\/cerdanya.org\/es\/wp-json\/wp\/v2\/media?parent=26604"}],"curies":[{"name":"wp","href":"https:\/\/api.w.org\/{rel}","templated":true}]}}