{"id":26527,"date":"2022-03-09T10:14:02","date_gmt":"2022-03-09T08:14:02","guid":{"rendered":"http:\/\/www.cerdanya.org\/descubre\/cultura\/leyendas\/el-pueblo-de-guils\/"},"modified":"2023-02-13T15:09:33","modified_gmt":"2023-02-13T14:09:33","slug":"el-pueblo-de-guils","status":"publish","type":"page","link":"https:\/\/cerdanya.org\/es\/descubre\/cultura\/leyendas\/el-pueblo-de-guils\/","title":{"rendered":"El pueblo de Guils"},"content":{"rendered":"\n<style type=\"text\/css\" data-created_by=\"avia_inline_auto\" id=\"style-css-av-36rb4oj-ba4d95154227ed0d8a771e7152bf9e9e\">\n.flex_column.av-36rb4oj-ba4d95154227ed0d8a771e7152bf9e9e{\nborder-radius:0px 0px 0px 0px;\npadding:0px 0px 0px 0px;\n}\n<\/style>\n<div  class='flex_column av-36rb4oj-ba4d95154227ed0d8a771e7152bf9e9e av_one_half  avia-builder-el-0  el_before_av_one_half  avia-builder-el-first  first flex_column_div av-zero-column-padding  '     ><section  class='av_textblock_section av-ksyomoyl-25f1f3c8b1a0a9b03a6473be4799410f '   itemscope=\"itemscope\" itemtype=\"https:\/\/schema.org\/CreativeWork\" ><div class='avia_textblock'  itemprop=\"text\" ><p>Se dice que de esta ciudad era hijo Pilato, y que a esta circunstancia se debe su ruina.<\/p>\n<p>Cuando despu\u00e9s de la crucifixi\u00f3n el c\u00f3nsul romano tuvo que huir de Jerusal\u00e9n, fue vagando a pie hasta llegar al pueblo que lo vio nacer. Al verlo hundido se precipit\u00f3 al estanque, donde todav\u00eda hoy sigue vivo buscando su casa en vano. Y ahora debe dar vueltas y vagar mientras el mundo sea mundo. Al mediod\u00eda, y en d\u00edas de mucha calma, en la atm\u00f3sfera cerca del estanque se oye el ruido de su caminar y a \u00e9l preguntando si todav\u00eda hay mundo. El Jueves Santo se ver\u00e1 representada en el fondo de las aguas la escena de la crucifixi\u00f3n con las tres cruces del Calvario.<\/p>\n<p>El estanque est\u00e1 maldito, por eso si se bebe de su agua tendr\u00e9is un terrible dolor. Seg\u00fan unos, no se cr\u00edan peces, seg\u00fan otros s\u00ed, pero cuando se pescan y se ponen en la sart\u00e9n para fre\u00edrlos toman vida y huyen.<\/p>\n<p>(Contada por Jan de las Vaques 1922)<br \/>\n(Amades, 1586 Rondall\u00edstica \u00abFolklore de Catalunya\u00bb).<\/p>\n<\/div><\/section><\/div>\n<style type=\"text\/css\" data-created_by=\"avia_inline_auto\" id=\"style-css-av-1ng0qsz-23c1aa3b7ae50c716d5e85aa47409484\">\n.flex_column.av-1ng0qsz-23c1aa3b7ae50c716d5e85aa47409484{\nborder-radius:0px 0px 0px 0px;\npadding:0px 0px 0px 0px;\n}\n<\/style>\n<div  class='flex_column av-1ng0qsz-23c1aa3b7ae50c716d5e85aa47409484 av_one_half  avia-builder-el-2  el_after_av_one_half  avia-builder-el-last  flex_column_div av-zero-column-padding  '     ><p>\n<style type=\"text\/css\" data-created_by=\"avia_inline_auto\" id=\"style-css-av-2oftc4k-18f02ff718d82923bc5ee5532269f663\">\n#top .av-special-heading.av-2oftc4k-18f02ff718d82923bc5ee5532269f663{\npadding-bottom:10px;\n}\nbody .av-special-heading.av-2oftc4k-18f02ff718d82923bc5ee5532269f663 .av-special-heading-tag .heading-char{\nfont-size:25px;\n}\n.av-special-heading.av-2oftc4k-18f02ff718d82923bc5ee5532269f663 .av-subheading{\nfont-size:15px;\n}\n<\/style>\n<div  class='av-special-heading av-2oftc4k-18f02ff718d82923bc5ee5532269f663 av-special-heading-h3  avia-builder-el-3  el_before_av_player  avia-builder-el-first '><h3 class='av-special-heading-tag '  itemprop=\"headline\"  >Escucha la leyenda<\/h3><div class=\"special-heading-border\"><div class=\"special-heading-inner-border\"><\/div><\/div><\/div><br \/>\n<div id=\"av_player-1\" class=\"av-player av-player-container av-kwp1gaol-fc6c4040781e7dae89e9de85a5eabb3b avia-playerstyle-classic av_player-1  avia-builder-el-4  el_after_av_heading  el_before_av_player  first avia-playlist-no-loop avia-playlist-hide-cover\"><div class=\"av-player-player-container\"><div class=\"wp-playlist wp-audio-playlist wp-playlist-light\">\n\t\t\t<div class=\"wp-playlist-current-item\"><\/div>\n\t\t<audio controls=\"controls\" preload=\"none\" width=\"1478\"\n\t\t\t><\/audio>\n\t<div class=\"wp-playlist-next\"><\/div>\n\t<div class=\"wp-playlist-prev\"><\/div>\n\t<noscript>\n\t<ol>\n\t\t<li><a href='https:\/\/cerdanya.org\/wp-content\/uploads\/2022\/01\/el-poble-de-guils-CAT.mp3'>CATAL\u00c0<\/a><\/li>\t<\/ol>\n\t<\/noscript>\n\t<script type=\"application\/json\" class=\"wp-playlist-script\">{\"type\":\"audio\",\"tracklist\":true,\"tracknumbers\":true,\"images\":true,\"artists\":true,\"tracks\":[{\"src\":\"https:\/\/cerdanya.org\/wp-content\/uploads\/2022\/01\/el-poble-de-guils-CAT.mp3\",\"type\":\"audio\/mpeg\",\"title\":\"CATAL\\u00c0\",\"caption\":\"El poble de Guils\",\"description\":\"\\\"CAT EL POBLE DE GUILS\\\". Any de publicaci\\u00f3: 2021. \\u00c0udio 1.\",\"meta\":{\"album\":\"El poble de Guils\",\"year\":\"2021\",\"length_formatted\":\"1:04\"},\"image\":{\"src\":\"https:\/\/cerdanya.org\/wp-includes\/images\/media\/audio.svg\",\"width\":48,\"height\":64},\"thumb\":{\"src\":\"https:\/\/cerdanya.org\/wp-includes\/images\/media\/audio.svg\",\"width\":48,\"height\":64}}]}<\/script>\n<\/div>\n\t<\/div><\/div><br \/>\n<div id=\"av_player-2\" class=\"av-player av-player-container av-kwp1gaol-fc6c4040781e7dae89e9de85a5eabb3b avia-playerstyle-classic av_player-2  avia-builder-el-5  el_after_av_player  el_before_av_player  avia-playlist-no-loop avia-playlist-hide-cover\"><div class=\"av-player-player-container\"><div class=\"wp-playlist wp-audio-playlist wp-playlist-light\">\n\t\t\t<div class=\"wp-playlist-current-item\"><\/div>\n\t\t<audio controls=\"controls\" preload=\"none\" width=\"1478\"\n\t\t\t><\/audio>\n\t<div class=\"wp-playlist-next\"><\/div>\n\t<div class=\"wp-playlist-prev\"><\/div>\n\t<noscript>\n\t<ol>\n\t\t<li><a href='https:\/\/cerdanya.org\/wp-content\/uploads\/2022\/01\/el-poble-de-guils-ES.mp3'>CASTELL\u00c0<\/a><\/li>\t<\/ol>\n\t<\/noscript>\n\t<script type=\"application\/json\" class=\"wp-playlist-script\">{\"type\":\"audio\",\"tracklist\":true,\"tracknumbers\":true,\"images\":true,\"artists\":true,\"tracks\":[{\"src\":\"https:\/\/cerdanya.org\/wp-content\/uploads\/2022\/01\/el-poble-de-guils-ES.mp3\",\"type\":\"audio\/mpeg\",\"title\":\"CASTELL\\u00c0\",\"caption\":\"El pueblo de Guils\",\"description\":\"El poble de Guils\",\"meta\":{\"album\":\"El pueblo de Guils\",\"year\":\"2021\",\"length_formatted\":\"1:05\"},\"image\":{\"src\":\"https:\/\/cerdanya.org\/wp-includes\/images\/media\/audio.svg\",\"width\":48,\"height\":64},\"thumb\":{\"src\":\"https:\/\/cerdanya.org\/wp-includes\/images\/media\/audio.svg\",\"width\":48,\"height\":64}}]}<\/script>\n<\/div>\n\t<\/div><\/div><br \/>\n<div id=\"av_player-3\" class=\"av-player av-player-container av-kwp1gaol-fc6c4040781e7dae89e9de85a5eabb3b avia-playerstyle-classic av_player-3  avia-builder-el-6  el_after_av_player  el_before_av_player  avia-playlist-no-loop avia-playlist-hide-cover\"><div class=\"av-player-player-container\"><div class=\"wp-playlist wp-audio-playlist wp-playlist-light\">\n\t\t\t<div class=\"wp-playlist-current-item\"><\/div>\n\t\t<audio controls=\"controls\" preload=\"none\" width=\"1478\"\n\t\t\t><\/audio>\n\t<div class=\"wp-playlist-next\"><\/div>\n\t<div class=\"wp-playlist-prev\"><\/div>\n\t<noscript>\n\t<ol>\n\t\t<li><a href='https:\/\/cerdanya.org\/wp-content\/uploads\/2022\/01\/el-poble-de-guils-ENG.mp3'>ANGL\u00c8S<\/a><\/li>\t<\/ol>\n\t<\/noscript>\n\t<script type=\"application\/json\" class=\"wp-playlist-script\">{\"type\":\"audio\",\"tracklist\":true,\"tracknumbers\":true,\"images\":true,\"artists\":true,\"tracks\":[{\"src\":\"https:\/\/cerdanya.org\/wp-content\/uploads\/2022\/01\/el-poble-de-guils-ENG.mp3\",\"type\":\"audio\/mpeg\",\"title\":\"ANGL\\u00c8S\",\"caption\":\"The town of Guils\",\"description\":\"\\\"UK EL POBLE DE GUILS\\\". Any de publicaci\\u00f3: 2021. \\u00c0udio 1.\",\"meta\":{\"album\":\"The town of Guils\",\"year\":\"2021\",\"length_formatted\":\"1:16\"},\"image\":{\"src\":\"https:\/\/cerdanya.org\/wp-includes\/images\/media\/audio.svg\",\"width\":48,\"height\":64},\"thumb\":{\"src\":\"https:\/\/cerdanya.org\/wp-includes\/images\/media\/audio.svg\",\"width\":48,\"height\":64}}]}<\/script>\n<\/div>\n\t<\/div><\/div><br \/>\n<div id=\"av_player-4\" class=\"av-player av-player-container av-kwp1gaol-fc6c4040781e7dae89e9de85a5eabb3b avia-playerstyle-classic av_player-4  avia-builder-el-7  el_after_av_player  avia-builder-el-last  avia-playlist-no-loop avia-playlist-hide-cover\"><div class=\"av-player-player-container\"><div class=\"wp-playlist wp-audio-playlist wp-playlist-light\">\n\t\t\t<div class=\"wp-playlist-current-item\"><\/div>\n\t\t<audio controls=\"controls\" preload=\"none\" width=\"1478\"\n\t\t\t><\/audio>\n\t<div class=\"wp-playlist-next\"><\/div>\n\t<div class=\"wp-playlist-prev\"><\/div>\n\t<noscript>\n\t<ol>\n\t\t<li><a href='https:\/\/cerdanya.org\/wp-content\/uploads\/2022\/01\/el-poble-de-guils-FR.mp3'>FRANC\u00c8S<\/a><\/li>\t<\/ol>\n\t<\/noscript>\n\t<script type=\"application\/json\" class=\"wp-playlist-script\">{\"type\":\"audio\",\"tracklist\":true,\"tracknumbers\":true,\"images\":true,\"artists\":true,\"tracks\":[{\"src\":\"https:\/\/cerdanya.org\/wp-content\/uploads\/2022\/01\/el-poble-de-guils-FR.mp3\",\"type\":\"audio\/mpeg\",\"title\":\"FRANC\\u00c8S\",\"caption\":\"Le village de Guils\",\"description\":\"El poble de Guils\",\"meta\":{\"album\":\"Le village de Guils\",\"year\":\"2021\",\"length_formatted\":\"1:07\"},\"image\":{\"src\":\"https:\/\/cerdanya.org\/wp-includes\/images\/media\/audio.svg\",\"width\":48,\"height\":64},\"thumb\":{\"src\":\"https:\/\/cerdanya.org\/wp-includes\/images\/media\/audio.svg\",\"width\":48,\"height\":64}}]}<\/script>\n<\/div>\n\t<\/div><\/div><\/p><\/div><\/p>\n","protected":false},"excerpt":{"rendered":"","protected":false},"author":7,"featured_media":19160,"parent":26468,"menu_order":70,"comment_status":"closed","ping_status":"closed","template":"","meta":{"footnotes":""},"class_list":["post-26527","page","type-page","status-publish","has-post-thumbnail","hentry"],"_links":{"self":[{"href":"https:\/\/cerdanya.org\/es\/wp-json\/wp\/v2\/pages\/26527","targetHints":{"allow":["GET"]}}],"collection":[{"href":"https:\/\/cerdanya.org\/es\/wp-json\/wp\/v2\/pages"}],"about":[{"href":"https:\/\/cerdanya.org\/es\/wp-json\/wp\/v2\/types\/page"}],"author":[{"embeddable":true,"href":"https:\/\/cerdanya.org\/es\/wp-json\/wp\/v2\/users\/7"}],"replies":[{"embeddable":true,"href":"https:\/\/cerdanya.org\/es\/wp-json\/wp\/v2\/comments?post=26527"}],"version-history":[{"count":0,"href":"https:\/\/cerdanya.org\/es\/wp-json\/wp\/v2\/pages\/26527\/revisions"}],"up":[{"embeddable":true,"href":"https:\/\/cerdanya.org\/es\/wp-json\/wp\/v2\/pages\/26468"}],"wp:featuredmedia":[{"embeddable":true,"href":"https:\/\/cerdanya.org\/es\/wp-json\/wp\/v2\/media\/19160"}],"wp:attachment":[{"href":"https:\/\/cerdanya.org\/es\/wp-json\/wp\/v2\/media?parent=26527"}],"curies":[{"name":"wp","href":"https:\/\/api.w.org\/{rel}","templated":true}]}}