{"id":26468,"date":"2022-03-09T01:00:15","date_gmt":"2022-03-08T23:00:15","guid":{"rendered":"http:\/\/www.cerdanya.org\/leyendas\/"},"modified":"2022-04-28T13:55:19","modified_gmt":"2022-04-28T11:55:19","slug":"leyendas","status":"publish","type":"page","link":"https:\/\/cerdanya.org\/es\/descubre\/cultura\/leyendas\/","title":{"rendered":"Leyendas"},"content":{"rendered":"\n<style type=\"text\/css\" data-created_by=\"avia_inline_auto\" id=\"style-css-av-7dis8-df0d5cc950b826e2bf66b47631de403e\">\n.flex_column.av-7dis8-df0d5cc950b826e2bf66b47631de403e{\nborder-radius:0px 0px 0px 0px;\npadding:0px 0px 0px 0px;\n}\n<\/style>\n<div  class='flex_column av-7dis8-df0d5cc950b826e2bf66b47631de403e av_one_full  avia-builder-el-0  el_before_av_one_full  avia-builder-el-first  first flex_column_div av-zero-column-padding  '     ><section  class='av_textblock_section av-jyzmpxzp-f68f84d214929075c1b6d8feee003985 '   itemscope=\"itemscope\" itemtype=\"https:\/\/schema.org\/CreativeWork\" ><div class='avia_textblock'  itemprop=\"text\" ><blockquote>\n<p>La Cerdanya cuenta con numerosas leyendas que se han ido transmitiendo de generaci\u00f3n en generaci\u00f3n y que definen la identidad del territorio y enriquecen su patrimonio. Quedan representados en estas narraciones, un gran n\u00famero de personajes mitol\u00f3gicos y fant\u00e1sticos: demonios, dragones, monstruos, brujas, etc. Te invitan a conocer la comarca desde otra perspectiva que te transportar\u00e1 al momento hist\u00f3rico concreto de cada leyenda.<\/p>\n<\/blockquote>\n<\/div><\/section><\/div>\n<style type=\"text\/css\" data-created_by=\"avia_inline_auto\" id=\"style-css-av-pyqto1-98f398d6d02669b026c9c51c32b16462\">\n.flex_column.av-pyqto1-98f398d6d02669b026c9c51c32b16462{\nborder-radius:0px 0px 0px 0px;\npadding:0px 0px 0px 0px;\n}\n<\/style>\n<div  class='flex_column av-pyqto1-98f398d6d02669b026c9c51c32b16462 av_one_full  avia-builder-el-2  el_after_av_one_full  avia-builder-el-last  first flex_column_div av-zero-column-padding  column-top-margin'     ><\/div><\/p>\n","protected":false},"excerpt":{"rendered":"","protected":false},"author":7,"featured_media":18444,"parent":26472,"menu_order":40,"comment_status":"closed","ping_status":"closed","template":"","meta":{"footnotes":""},"class_list":["post-26468","page","type-page","status-publish","has-post-thumbnail","hentry"],"_links":{"self":[{"href":"https:\/\/cerdanya.org\/es\/wp-json\/wp\/v2\/pages\/26468","targetHints":{"allow":["GET"]}}],"collection":[{"href":"https:\/\/cerdanya.org\/es\/wp-json\/wp\/v2\/pages"}],"about":[{"href":"https:\/\/cerdanya.org\/es\/wp-json\/wp\/v2\/types\/page"}],"author":[{"embeddable":true,"href":"https:\/\/cerdanya.org\/es\/wp-json\/wp\/v2\/users\/7"}],"replies":[{"embeddable":true,"href":"https:\/\/cerdanya.org\/es\/wp-json\/wp\/v2\/comments?post=26468"}],"version-history":[{"count":0,"href":"https:\/\/cerdanya.org\/es\/wp-json\/wp\/v2\/pages\/26468\/revisions"}],"up":[{"embeddable":true,"href":"https:\/\/cerdanya.org\/es\/wp-json\/wp\/v2\/pages\/26472"}],"wp:featuredmedia":[{"embeddable":true,"href":"https:\/\/cerdanya.org\/es\/wp-json\/wp\/v2\/media\/18444"}],"wp:attachment":[{"href":"https:\/\/cerdanya.org\/es\/wp-json\/wp\/v2\/media?parent=26468"}],"curies":[{"name":"wp","href":"https:\/\/api.w.org\/{rel}","templated":true}]}}