{"id":26452,"date":"2022-03-08T23:51:21","date_gmt":"2022-03-08T21:51:21","guid":{"rendered":"http:\/\/www.cerdanya.org\/que-hacer\/"},"modified":"2022-04-28T23:13:42","modified_gmt":"2022-04-28T21:13:42","slug":"que-hacer","status":"publish","type":"page","link":"https:\/\/cerdanya.org\/es\/que-hacer\/","title":{"rendered":"\u00bfQu\u00e9 hacer?"},"content":{"rendered":"<section  class='av_textblock_section av-jvmcbluj-874cabc474c5a54f3798c3e725d99870 '   itemscope=\"itemscope\" itemtype=\"https:\/\/schema.org\/CreativeWork\" ><div class='avia_textblock'  itemprop=\"text\" ><blockquote>\n<p>Durante todo el a\u00f1o, la comarca de Cerdanya es el escenario perfecto para practicar todo tipo de actividades l\u00fadicas, para todas las edades, al aire libre. Los 365 d\u00edas del a\u00f1o, el valle es un buen destino tur\u00edstico para disfrutar de la naturaleza y desconectar del ruido y el tr\u00e1fico de la ciudad.<\/p>\n<p>Tanto en primavera como en verano la comarca es el lugar ideal para la pr\u00e1ctica de actividades al aire libre en un entorno natural \u00fanico. Destacan el sendrismo y la bicicleta, actividades que nos permiten descubrir los parajes m\u00e1s bellos de la comarca. Tambi\u00e9n destacan otro tipo de actividades de turismo activo y deportivo como el golf, la h\u00edpica, actividades a\u00e9reas&#8230;<\/p>\n<p>Ya en los meses de oto\u00f1o, las setas se convierten en los protagonistas del valle. La diversidad f\u00fangica re\u00fane unas 1.500 especies, mayoritariamente de bosque subalpino y prado de siega, primaverales o oto\u00f1ales.<\/p>\n<p>En invierno, los amantes de la nieve tienen una cita imprescindible en la comarca, que cuenta con un total de 5 estaciones de esqu\u00ed (dos de esqu\u00ed alpino y tres de esqu\u00ed n\u00f3rdico), donde grandes y peque\u00f1os pueden disfrutar de las pistas en un entorno inigualable. Tambi\u00e9n pueden disfrutar del paisaje invernal con raquetas de nieve o esqu\u00ed de monta\u00f1a.<\/p>\n<p>Pero la oferta l\u00fadica no acaba aqu\u00ed. En el transcurso del a\u00f1o se puede vivir la Cerdanya de cerca, conociendo su historia, visitando sus museos, descubriendo los edificios m\u00e1s emblem\u00e1ticos y estando en contacto con la naturaleza, el valle y los paisajes infinitos que maravillan los visitantes.<\/p>\n<\/blockquote>\n<\/div><\/section>\n\n<style type=\"text\/css\" data-created_by=\"avia_inline_auto\" id=\"style-css-av-6o8ab-10b773f26e10314270678d431c8eedac\">\n.flex_column.av-6o8ab-10b773f26e10314270678d431c8eedac{\nborder-radius:0px 0px 0px 0px;\npadding:0px 0px 0px 0px;\n}\n<\/style>\n<div  class='flex_column av-6o8ab-10b773f26e10314270678d431c8eedac av_one_full  avia-builder-el-1  el_after_av_textblock  avia-builder-el-last  first flex_column_div av-zero-column-padding  column-top-margin'     ><\/div>\n","protected":false},"excerpt":{"rendered":"","protected":false},"author":3,"featured_media":16566,"parent":0,"menu_order":0,"comment_status":"closed","ping_status":"closed","template":"","meta":{"footnotes":""},"class_list":["post-26452","page","type-page","status-publish","has-post-thumbnail","hentry"],"_links":{"self":[{"href":"https:\/\/cerdanya.org\/es\/wp-json\/wp\/v2\/pages\/26452","targetHints":{"allow":["GET"]}}],"collection":[{"href":"https:\/\/cerdanya.org\/es\/wp-json\/wp\/v2\/pages"}],"about":[{"href":"https:\/\/cerdanya.org\/es\/wp-json\/wp\/v2\/types\/page"}],"author":[{"embeddable":true,"href":"https:\/\/cerdanya.org\/es\/wp-json\/wp\/v2\/users\/3"}],"replies":[{"embeddable":true,"href":"https:\/\/cerdanya.org\/es\/wp-json\/wp\/v2\/comments?post=26452"}],"version-history":[{"count":0,"href":"https:\/\/cerdanya.org\/es\/wp-json\/wp\/v2\/pages\/26452\/revisions"}],"wp:featuredmedia":[{"embeddable":true,"href":"https:\/\/cerdanya.org\/es\/wp-json\/wp\/v2\/media\/16566"}],"wp:attachment":[{"href":"https:\/\/cerdanya.org\/es\/wp-json\/wp\/v2\/media?parent=26452"}],"curies":[{"name":"wp","href":"https:\/\/api.w.org\/{rel}","templated":true}]}}