{"id":26386,"date":"2022-03-08T19:16:48","date_gmt":"2022-03-08T17:16:48","guid":{"rendered":"http:\/\/www.cerdanya.org\/leyenda-de-los-pirineos\/"},"modified":"2022-04-28T13:52:35","modified_gmt":"2022-04-28T11:52:35","slug":"leyenda-de-los-pirineos","status":"publish","type":"page","link":"https:\/\/cerdanya.org\/es\/descubre\/cultura\/leyendas\/leyenda-de-los-pirineos\/","title":{"rendered":"Leyenda de los Pirineos"},"content":{"rendered":"\n<style type=\"text\/css\" data-created_by=\"avia_inline_auto\" id=\"style-css-av-36rb4oj-ba4d95154227ed0d8a771e7152bf9e9e\">\n.flex_column.av-36rb4oj-ba4d95154227ed0d8a771e7152bf9e9e{\nborder-radius:0px 0px 0px 0px;\npadding:0px 0px 0px 0px;\n}\n<\/style>\n<div  class='flex_column av-36rb4oj-ba4d95154227ed0d8a771e7152bf9e9e av_one_half  avia-builder-el-0  el_before_av_one_half  avia-builder-el-first  first flex_column_div av-zero-column-padding  '     ><section  class='av_textblock_section av-ksyomoyl-25f1f3c8b1a0a9b03a6473be4799410f '   itemscope=\"itemscope\" itemtype=\"https:\/\/schema.org\/CreativeWork\" ><div class='avia_textblock'  itemprop=\"text\" ><p>\u00bfDe d\u00f3nde viene el nombre de Pirineos? Pues cuenta la leyenda de que Pirene fue la bella hija de Tubal, y que vivi\u00f3 una loca historia de amor imposible con el propio H\u00e9rcules. \u00bfQu\u00e9 por qu\u00e9 era un amor imposible? Pues porque el padre, Tubal, due\u00f1o de la regi\u00f3n de los Pirineos, famosa por sus bosques, se negaba rotundamente a aceptar su amor y uni\u00f3n, y acab\u00f3 por desterrar a H\u00e9rcules.<\/p>\n<p>Con el paso de los a\u00f1os, muchos fueron los pretendientes que intentaron ganarse el amor de Pirene, pero ella segu\u00eda guardando su pasi\u00f3n por H\u00e9rcules. Hasta que, por pura frustraci\u00f3n y envidia, uno de estos pretendientes incendi\u00f3 el bosque en el que habitaba Pirene\u2026 y la pobre mujer acab\u00f3 muriendo, consumida por las llamas.<\/p>\n<\/div><\/section><\/div>\n\n<style type=\"text\/css\" data-created_by=\"avia_inline_auto\" id=\"style-css-av-1ng0qsz-23c1aa3b7ae50c716d5e85aa47409484\">\n.flex_column.av-1ng0qsz-23c1aa3b7ae50c716d5e85aa47409484{\nborder-radius:0px 0px 0px 0px;\npadding:0px 0px 0px 0px;\n}\n<\/style>\n<div  class='flex_column av-1ng0qsz-23c1aa3b7ae50c716d5e85aa47409484 av_one_half  avia-builder-el-2  el_after_av_one_half  avia-builder-el-last  flex_column_div av-zero-column-padding  '     ><p>\n<style type=\"text\/css\" data-created_by=\"avia_inline_auto\" id=\"style-css-av-l0iqn7mb-f015216c7d598bdc8aa14c8ed4dfcf6a\">\n#top .av-special-heading.av-l0iqn7mb-f015216c7d598bdc8aa14c8ed4dfcf6a{\npadding-bottom:10px;\n}\nbody .av-special-heading.av-l0iqn7mb-f015216c7d598bdc8aa14c8ed4dfcf6a .av-special-heading-tag .heading-char{\nfont-size:25px;\n}\n.av-special-heading.av-l0iqn7mb-f015216c7d598bdc8aa14c8ed4dfcf6a .av-subheading{\nfont-size:15px;\n}\n<\/style>\n<div  class='av-special-heading av-l0iqn7mb-f015216c7d598bdc8aa14c8ed4dfcf6a av-special-heading-h3  avia-builder-el-3  el_before_av_player  avia-builder-el-first '><h3 class='av-special-heading-tag '  itemprop=\"headline\"  >Escucha la leyenda<\/h3><div class=\"special-heading-border\"><div class=\"special-heading-inner-border\"><\/div><\/div><\/div><br \/>\n<div id=\"av_player-1\" class=\"av-player av-player-container av-kwp1gaol-fc6c4040781e7dae89e9de85a5eabb3b avia-playerstyle-classic av_player-1  avia-builder-el-4  el_after_av_heading  el_before_av_player  first avia-playlist-no-loop avia-playlist-hide-cover\"><div class=\"av-player-player-container\"><div class=\"wp-playlist wp-audio-playlist wp-playlist-light\">\n\t\t\t<div class=\"wp-playlist-current-item\"><\/div>\n\t\t<audio controls=\"controls\" preload=\"none\" width=\"1478\"\n\t\t\t><\/audio>\n\t<div class=\"wp-playlist-next\"><\/div>\n\t<div class=\"wp-playlist-prev\"><\/div>\n\t<noscript>\n\t<ol>\n\t\t<li><a href='https:\/\/cerdanya.org\/wp-content\/uploads\/2022\/01\/llegenda-dels-pirineus-CAT.mp3'>CATAL\u00c0<\/a><\/li>\t<\/ol>\n\t<\/noscript>\n\t<script type=\"application\/json\" class=\"wp-playlist-script\">{\"type\":\"audio\",\"tracklist\":true,\"tracknumbers\":true,\"images\":true,\"artists\":true,\"tracks\":[{\"src\":\"https:\/\/cerdanya.org\/wp-content\/uploads\/2022\/01\/llegenda-dels-pirineus-CAT.mp3\",\"type\":\"audio\/mpeg\",\"title\":\"CATAL\\u00c0\",\"caption\":\"Llegenda dels Pirineus\",\"description\":\"Llegenda dels Pirineus\",\"meta\":{\"album\":\"Llegenda dels Pirineus\",\"year\":\"2021\",\"length_formatted\":\"0:46\"},\"image\":{\"src\":\"https:\/\/cerdanya.org\/wp-includes\/images\/media\/audio.svg\",\"width\":48,\"height\":64},\"thumb\":{\"src\":\"https:\/\/cerdanya.org\/wp-includes\/images\/media\/audio.svg\",\"width\":48,\"height\":64}}]}<\/script>\n<\/div>\n\t<\/div><\/div><br \/>\n<div id=\"av_player-2\" class=\"av-player av-player-container av-kwp1gaol-fc6c4040781e7dae89e9de85a5eabb3b avia-playerstyle-classic av_player-2  avia-builder-el-5  el_after_av_player  el_before_av_player  avia-playlist-no-loop avia-playlist-hide-cover\"><div class=\"av-player-player-container\"><div class=\"wp-playlist wp-audio-playlist wp-playlist-light\">\n\t\t\t<div class=\"wp-playlist-current-item\"><\/div>\n\t\t<audio controls=\"controls\" preload=\"none\" width=\"1478\"\n\t\t\t><\/audio>\n\t<div class=\"wp-playlist-next\"><\/div>\n\t<div class=\"wp-playlist-prev\"><\/div>\n\t<noscript>\n\t<ol>\n\t\t<li><a href='https:\/\/cerdanya.org\/wp-content\/uploads\/2022\/01\/llegenda-dels-pirineus-ES.mp3'>ES LA LLEGENDA DELS PIRINEUS v<\/a><\/li>\t<\/ol>\n\t<\/noscript>\n\t<script type=\"application\/json\" class=\"wp-playlist-script\">{\"type\":\"audio\",\"tracklist\":true,\"tracknumbers\":true,\"images\":true,\"artists\":true,\"tracks\":[{\"src\":\"https:\/\/cerdanya.org\/wp-content\/uploads\/2022\/01\/llegenda-dels-pirineus-ES.mp3\",\"type\":\"audio\/mpeg\",\"title\":\"ES LA LLEGENDA DELS PIRINEUS v\",\"caption\":\"Leyenda de los Pirineos\",\"description\":\"\\\"ES LA LLEGENDA DELS PIRINEUS v\\\". Any de publicaci\\u00f3: 2021. \\u00c0udio 1.\",\"meta\":{\"album\":\"Leyenda de los Pirineos\",\"year\":\"2021\",\"length_formatted\":\"1:49\"},\"image\":{\"src\":\"https:\/\/cerdanya.org\/wp-includes\/images\/media\/audio.svg\",\"width\":48,\"height\":64},\"thumb\":{\"src\":\"https:\/\/cerdanya.org\/wp-includes\/images\/media\/audio.svg\",\"width\":48,\"height\":64}}]}<\/script>\n<\/div>\n\t<\/div><\/div><br \/>\n<div id=\"av_player-3\" class=\"av-player av-player-container av-kwp1gaol-fc6c4040781e7dae89e9de85a5eabb3b avia-playerstyle-classic av_player-3  avia-builder-el-6  el_after_av_player  el_before_av_player  avia-playlist-no-loop avia-playlist-hide-cover\"><div class=\"av-player-player-container\"><div class=\"wp-playlist wp-audio-playlist wp-playlist-light\">\n\t\t\t<div class=\"wp-playlist-current-item\"><\/div>\n\t\t<audio controls=\"controls\" preload=\"none\" width=\"1478\"\n\t\t\t><\/audio>\n\t<div class=\"wp-playlist-next\"><\/div>\n\t<div class=\"wp-playlist-prev\"><\/div>\n\t<noscript>\n\t<ol>\n\t\t<li><a href='https:\/\/cerdanya.org\/wp-content\/uploads\/2022\/01\/llegenda-dels-pirineus-ENG.mp3'>ANGL\u00c8S<\/a><\/li>\t<\/ol>\n\t<\/noscript>\n\t<script type=\"application\/json\" class=\"wp-playlist-script\">{\"type\":\"audio\",\"tracklist\":true,\"tracknumbers\":true,\"images\":true,\"artists\":true,\"tracks\":[{\"src\":\"https:\/\/cerdanya.org\/wp-content\/uploads\/2022\/01\/llegenda-dels-pirineus-ENG.mp3\",\"type\":\"audio\/mpeg\",\"title\":\"ANGL\\u00c8S\",\"caption\":\"Legend of the Pyrenees\",\"description\":\"Llegenda dels Pirineus\",\"meta\":{\"album\":\"Legend of the Pyrenees\",\"year\":\"2021\",\"length_formatted\":\"0:49\"},\"image\":{\"src\":\"https:\/\/cerdanya.org\/wp-includes\/images\/media\/audio.svg\",\"width\":48,\"height\":64},\"thumb\":{\"src\":\"https:\/\/cerdanya.org\/wp-includes\/images\/media\/audio.svg\",\"width\":48,\"height\":64}}]}<\/script>\n<\/div>\n\t<\/div><\/div><br \/>\n<div id=\"av_player-4\" class=\"av-player av-player-container av-kwp1gaol-fc6c4040781e7dae89e9de85a5eabb3b avia-playerstyle-classic av_player-4  avia-builder-el-7  el_after_av_player  avia-builder-el-last  avia-playlist-no-loop avia-playlist-hide-cover\"><div class=\"av-player-player-container\"><div class=\"wp-playlist wp-audio-playlist wp-playlist-light\">\n\t\t\t<div class=\"wp-playlist-current-item\"><\/div>\n\t\t<audio controls=\"controls\" preload=\"none\" width=\"1478\"\n\t\t\t><\/audio>\n\t<div class=\"wp-playlist-next\"><\/div>\n\t<div class=\"wp-playlist-prev\"><\/div>\n\t<noscript>\n\t<ol>\n\t\t<li><a href='https:\/\/cerdanya.org\/wp-content\/uploads\/2022\/01\/llegenda-dels-pirineus-FR.mp3'>FRANC\u00c8S<\/a><\/li>\t<\/ol>\n\t<\/noscript>\n\t<script type=\"application\/json\" class=\"wp-playlist-script\">{\"type\":\"audio\",\"tracklist\":true,\"tracknumbers\":true,\"images\":true,\"artists\":true,\"tracks\":[{\"src\":\"https:\/\/cerdanya.org\/wp-content\/uploads\/2022\/01\/llegenda-dels-pirineus-FR.mp3\",\"type\":\"audio\/mpeg\",\"title\":\"FRANC\\u00c8S\",\"caption\":\"L\\u00e9gende des Pyr\\u00e9n\\u00e9es\",\"description\":\"Llegenda dels Pirineus\",\"meta\":{\"album\":\"L\\u00e9gende des Pyr\\u00e9n\\u00e9es\",\"year\":\"2021\",\"length_formatted\":\"0:45\"},\"image\":{\"src\":\"https:\/\/cerdanya.org\/wp-includes\/images\/media\/audio.svg\",\"width\":48,\"height\":64},\"thumb\":{\"src\":\"https:\/\/cerdanya.org\/wp-includes\/images\/media\/audio.svg\",\"width\":48,\"height\":64}}]}<\/script>\n<\/div>\n\t<\/div><\/div><\/p><\/div>\n","protected":false},"excerpt":{"rendered":"","protected":false},"author":7,"featured_media":19200,"parent":26468,"menu_order":130,"comment_status":"closed","ping_status":"closed","template":"","meta":{"footnotes":""},"class_list":["post-26386","page","type-page","status-publish","has-post-thumbnail","hentry"],"_links":{"self":[{"href":"https:\/\/cerdanya.org\/es\/wp-json\/wp\/v2\/pages\/26386","targetHints":{"allow":["GET"]}}],"collection":[{"href":"https:\/\/cerdanya.org\/es\/wp-json\/wp\/v2\/pages"}],"about":[{"href":"https:\/\/cerdanya.org\/es\/wp-json\/wp\/v2\/types\/page"}],"author":[{"embeddable":true,"href":"https:\/\/cerdanya.org\/es\/wp-json\/wp\/v2\/users\/7"}],"replies":[{"embeddable":true,"href":"https:\/\/cerdanya.org\/es\/wp-json\/wp\/v2\/comments?post=26386"}],"version-history":[{"count":0,"href":"https:\/\/cerdanya.org\/es\/wp-json\/wp\/v2\/pages\/26386\/revisions"}],"up":[{"embeddable":true,"href":"https:\/\/cerdanya.org\/es\/wp-json\/wp\/v2\/pages\/26468"}],"wp:featuredmedia":[{"embeddable":true,"href":"https:\/\/cerdanya.org\/es\/wp-json\/wp\/v2\/media\/19200"}],"wp:attachment":[{"href":"https:\/\/cerdanya.org\/es\/wp-json\/wp\/v2\/media?parent=26386"}],"curies":[{"name":"wp","href":"https:\/\/api.w.org\/{rel}","templated":true}]}}