{"id":50721,"date":"2024-05-16T11:07:30","date_gmt":"2024-05-16T09:07:30","guid":{"rendered":"https:\/\/cerdanya.org\/what-to-do\/wine-tourism\/cal-mandrat\/"},"modified":"2024-11-22T12:13:53","modified_gmt":"2024-11-22T11:13:53","slug":"cal-mandrat","status":"publish","type":"page","link":"https:\/\/cerdanya.org\/en\/what-to-do\/wine-tourism\/cal-mandrat\/","title":{"rendered":"Cal Mandrat"},"content":{"rendered":"<div  class='flex_column av-3gvkxo0-76c5fc942b335cfec2910572e10ea187 av_one_full  avia-builder-el-0  el_before_av_one_half  avia-builder-el-first  first flex_column_div  '     ><style type=\"text\/css\" data-created_by=\"avia_inline_auto\" id=\"style-css-av-lw90jfkt-4c4508f29c20a6f417919972a7589004\">\n#top .av-special-heading.av-lw90jfkt-4c4508f29c20a6f417919972a7589004{\npadding-bottom:10px;\n}\nbody .av-special-heading.av-lw90jfkt-4c4508f29c20a6f417919972a7589004 .av-special-heading-tag .heading-char{\nfont-size:25px;\n}\n.av-special-heading.av-lw90jfkt-4c4508f29c20a6f417919972a7589004 .av-subheading{\nfont-size:15px;\n}\n<\/style>\n<div  class='av-special-heading av-lw90jfkt-4c4508f29c20a6f417919972a7589004 av-special-heading-h1 blockquote modern-quote  avia-builder-el-1  avia-builder-el-no-sibling '><h1 class='av-special-heading-tag '  itemprop=\"headline\"  >Cal Mandrat<\/h1><div class=\"special-heading-border\"><div class=\"special-heading-inner-border\"><\/div><\/div><\/div><\/div>\n<div  class='flex_column av-31iydyo-a78ac286917aafac498c02314ac707dd av_one_half  avia-builder-el-2  el_after_av_one_full  el_before_av_one_half  first flex_column_div  column-top-margin'     ><p><section  class='av_textblock_section av-lw90qrf1-1189783b3b9e0676822f25b9213b6172 '   itemscope=\"itemscope\" itemtype=\"https:\/\/schema.org\/CreativeWork\" ><div class='avia_textblock'  itemprop=\"text\" ><p>The Cal Mandrat vineyard is located in the Natural Park of Cad\u00ed-Moixer\u00f3, in the Cerdanya Valley. Currently, it features the Riesling, Gew\u00fcrztraminer, and Chardonnay varieties spread across two hectares. It is an ecological cultivation with natural grass cover, thus achieving the maintenance of balance and biodiversity.<\/p>\n<\/div><\/section><br \/>\n\n<style type=\"text\/css\" data-created_by=\"avia_inline_auto\" id=\"style-css-av-2ovdhv4-1b927858a9d9c30075d3fbcb08d3a548\">\n#top .hr.hr-invisible.av-2ovdhv4-1b927858a9d9c30075d3fbcb08d3a548{\nheight:20px;\n}\n<\/style>\n<div  class='hr av-2ovdhv4-1b927858a9d9c30075d3fbcb08d3a548 hr-invisible  avia-builder-el-4  el_after_av_textblock  el_before_av_textblock '><span class='hr-inner '><span class=\"hr-inner-style\"><\/span><\/span><\/div><br \/>\n<section  class='av_textblock_section av-20zcuj4-b1b224f3482fd81f528dbbe76c437ade '   itemscope=\"itemscope\" itemtype=\"https:\/\/schema.org\/CreativeWork\" ><div class='avia_textblock'  itemprop=\"text\" ><p><strong>Visits:<\/strong><\/p>\n<p>It is necessary to contact to arrange the visit.<\/p>\n<\/div><\/section><br \/>\n\n<style type=\"text\/css\" data-created_by=\"avia_inline_auto\" id=\"style-css-av-1tqtk7k-41bfba37d20f3d9e76e5e4a0501b883b\">\n#top .hr.hr-invisible.av-1tqtk7k-41bfba37d20f3d9e76e5e4a0501b883b{\nheight:20px;\n}\n<\/style>\n<div  class='hr av-1tqtk7k-41bfba37d20f3d9e76e5e4a0501b883b hr-invisible  avia-builder-el-6  el_after_av_textblock  el_before_av_textblock '><span class='hr-inner '><span class=\"hr-inner-style\"><\/span><\/span><\/div><br \/>\n<section  class='av_textblock_section av-lw90twkn-e1f295ab9698d5dcdf4f5365a3896bfb '   itemscope=\"itemscope\" itemtype=\"https:\/\/schema.org\/CreativeWork\" ><div class='avia_textblock'  itemprop=\"text\" ><p><strong>Adress:<\/strong> Masia Cal Mandrat<\/p>\n<p><strong>Town:<\/strong> Montell\u00e0<\/p>\n<p><strong>Website:<\/strong> <a href=\"https:\/\/www.calmandrat.com\/en\/experience\/\" target=\"_blank\" rel=\"noopener\">www.calmandrat.com<\/a><\/p>\n<p><strong>Email:<\/strong> <a href=\"mailto:info@calmandrat.com\">info@calmandrat.com<\/a><\/p>\n<\/div><\/section><\/p><\/div><div  class='flex_column av-159o0wg-dd9bc30e72f3b2188981c9aedc12d343 av_one_half  avia-builder-el-8  el_after_av_one_half  el_before_av_one_full  flex_column_div  column-top-margin'     ><style type=\"text\/css\" data-created_by=\"avia_inline_auto\" id=\"style-css-av-lw90xstl-8e7e6654730162b3b17bb1a451692e67\">\n#top .avia-gallery.av-lw90xstl-8e7e6654730162b3b17bb1a451692e67 .avia-gallery-thumb a{\nwidth:20%;\n}\n<\/style>\n<div  class='avia-gallery av-lw90xstl-8e7e6654730162b3b17bb1a451692e67 avia_animate_when_visible  avia-builder-el-9  avia-builder-el-no-sibling  avia_lazyload av-slideshow-ui av-loop-manual-endless av-control-hidden av-navigate-arrows hover-effect av-control-hidden avia-gallery-animate avia-gallery-1'  itemprop=\"image\" itemscope=\"itemscope\" itemtype=\"https:\/\/schema.org\/ImageObject\" ><meta itemprop=\"contentURL\" content=\"https:\/\/cerdanya.org\/en\/what-to-do\/wine-tourism\/cal-mandrat\/\"><div class='avia-gallery-big-wrapper'><a class='avia-gallery-big fakeLightbox lightbox avia-gallery-big-crop-thumb ' href=\"https:\/\/cerdanya.org\/wp-content\/uploads\/2024\/05\/cal-mandrat_2-1030x580.jpg\" data-srcset=\"https:\/\/cerdanya.org\/wp-content\/uploads\/2024\/05\/cal-mandrat_2-1030x580.jpg 1030w, https:\/\/cerdanya.org\/wp-content\/uploads\/2024\/05\/cal-mandrat_2-300x169.jpg 300w, https:\/\/cerdanya.org\/wp-content\/uploads\/2024\/05\/cal-mandrat_2-768x432.jpg 768w, https:\/\/cerdanya.org\/wp-content\/uploads\/2024\/05\/cal-mandrat_2-705x397.jpg 705w, https:\/\/cerdanya.org\/wp-content\/uploads\/2024\/05\/cal-mandrat_2.jpg 1500w\" data-sizes=\"(max-width: 1030px) 100vw, 1030px\"  data-onclick='1' title='default' ><span class='avia-gallery-big-inner'  itemprop=\"thumbnailUrl\" ><img decoding=\"async\" fetchpriority=\"high\" class=\"wp-image-50674 avia-img-lazy-loading-not-50674\"  width=\"495\" height=\"400\" src=\"https:\/\/cerdanya.org\/wp-content\/uploads\/2024\/05\/cal-mandrat_2-495x400.jpg\" title='default' alt='Cal Mandrat' srcset=\"https:\/\/cerdanya.org\/wp-content\/uploads\/2024\/05\/cal-mandrat_2-495x400.jpg 495w, https:\/\/cerdanya.org\/wp-content\/uploads\/2024\/05\/cal-mandrat_2-845x684.jpg 845w\" sizes=\"(max-width: 495px) 100vw, 495px\" \/><span class='avia-gallery-caption'>default<\/span><\/span><\/a><\/div><div class='avia-gallery-thumb'><a href=\"https:\/\/cerdanya.org\/wp-content\/uploads\/2024\/05\/cal-mandrat_2-1030x580.jpg\" data-srcset=\"https:\/\/cerdanya.org\/wp-content\/uploads\/2024\/05\/cal-mandrat_2-1030x580.jpg 1030w, https:\/\/cerdanya.org\/wp-content\/uploads\/2024\/05\/cal-mandrat_2-300x169.jpg 300w, https:\/\/cerdanya.org\/wp-content\/uploads\/2024\/05\/cal-mandrat_2-768x432.jpg 768w, https:\/\/cerdanya.org\/wp-content\/uploads\/2024\/05\/cal-mandrat_2-705x397.jpg 705w, https:\/\/cerdanya.org\/wp-content\/uploads\/2024\/05\/cal-mandrat_2.jpg 1500w\" data-sizes=\"(max-width: 1030px) 100vw, 1030px\" data-rel='gallery-1' data-prev-img='https:\/\/cerdanya.org\/wp-content\/uploads\/2024\/05\/cal-mandrat_2-495x400.jpg' class='first_thumb lightbox ' data-onclick='1' title='default'  itemprop=\"thumbnailUrl\"  ><img decoding=\"async\" fetchpriority=\"high\" class=\"wp-image-50674 avia-img-lazy-loading-not-50674\"  data-avia-tooltip='default' src=\"https:\/\/cerdanya.org\/wp-content\/uploads\/2024\/05\/cal-mandrat_2-495x400.jpg\" width=\"495\" height=\"400\"  title='default' alt='Cal Mandrat' srcset=\"https:\/\/cerdanya.org\/wp-content\/uploads\/2024\/05\/cal-mandrat_2-495x400.jpg 495w, https:\/\/cerdanya.org\/wp-content\/uploads\/2024\/05\/cal-mandrat_2-845x684.jpg 845w\" sizes=\"(max-width: 495px) 100vw, 495px\" \/><div class='big-prev-fake'><img decoding=\"async\" loading=\"lazy\" class=\"wp-image-50674 avia-img-lazy-loading-50674\"  width=\"495\" height=\"400\" src=\"https:\/\/cerdanya.org\/wp-content\/uploads\/2024\/05\/cal-mandrat_2-495x400.jpg\" title='default' alt='Cal Mandrat' srcset=\"https:\/\/cerdanya.org\/wp-content\/uploads\/2024\/05\/cal-mandrat_2-495x400.jpg 495w, https:\/\/cerdanya.org\/wp-content\/uploads\/2024\/05\/cal-mandrat_2-845x684.jpg 845w\" sizes=\"auto, (max-width: 495px) 100vw, 495px\" \/><\/div><\/a><a href=\"https:\/\/cerdanya.org\/wp-content\/uploads\/2024\/05\/cal-mandrat_botella001-773x1030.jpg\" data-srcset=\"https:\/\/cerdanya.org\/wp-content\/uploads\/2024\/05\/cal-mandrat_botella001-773x1030.jpg 773w, https:\/\/cerdanya.org\/wp-content\/uploads\/2024\/05\/cal-mandrat_botella001-225x300.jpg 225w, https:\/\/cerdanya.org\/wp-content\/uploads\/2024\/05\/cal-mandrat_botella001-768x1024.jpg 768w, https:\/\/cerdanya.org\/wp-content\/uploads\/2024\/05\/cal-mandrat_botella001-529x705.jpg 529w, https:\/\/cerdanya.org\/wp-content\/uploads\/2024\/05\/cal-mandrat_botella001.jpg 1125w\" data-sizes=\"(max-width: 773px) 100vw, 773px\" data-rel='gallery-1' data-prev-img='https:\/\/cerdanya.org\/wp-content\/uploads\/2024\/05\/cal-mandrat_botella001-495x400.jpg' class='lightbox ' data-onclick='2' title='Cal Mandrat'  itemprop=\"thumbnailUrl\"  ><img decoding=\"async\" fetchpriority=\"high\" class=\"wp-image-50678 avia-img-lazy-loading-not-50678\"  data-avia-tooltip='Cal Mandrat' src=\"https:\/\/cerdanya.org\/wp-content\/uploads\/2024\/05\/cal-mandrat_botella001-495x400.jpg\" width=\"495\" height=\"400\"  title='cal mandrat_botella001' alt='Cal Mandrat' srcset=\"https:\/\/cerdanya.org\/wp-content\/uploads\/2024\/05\/cal-mandrat_botella001-495x400.jpg 495w, https:\/\/cerdanya.org\/wp-content\/uploads\/2024\/05\/cal-mandrat_botella001-845x684.jpg 845w\" sizes=\"(max-width: 495px) 100vw, 495px\" \/><div class='big-prev-fake'><img decoding=\"async\" loading=\"lazy\" class=\"wp-image-50678 avia-img-lazy-loading-50678\"  width=\"495\" height=\"400\" src=\"https:\/\/cerdanya.org\/wp-content\/uploads\/2024\/05\/cal-mandrat_botella001-495x400.jpg\" title='cal mandrat_botella001' alt='Cal Mandrat' srcset=\"https:\/\/cerdanya.org\/wp-content\/uploads\/2024\/05\/cal-mandrat_botella001-495x400.jpg 495w, https:\/\/cerdanya.org\/wp-content\/uploads\/2024\/05\/cal-mandrat_botella001-845x684.jpg 845w\" sizes=\"auto, (max-width: 495px) 100vw, 495px\" \/><\/div><\/a><\/div><\/div><\/div><\/p>\n<div  class='flex_column av-ls73yo-3a3496ff0ae040a9812725300a3822a5 av_one_full  avia-builder-el-10  el_after_av_one_half  avia-builder-el-last  first flex_column_div  column-top-margin'     ><div  class='av_gmaps_sc_main_wrap av_gmaps_main_wrap '><div id='av_gmap_0' class='avia-google-map-container avia-google-map-sc av_gmaps_show_unconditionally av-no-fallback-img ' data-mapid='av_gmap_0'  style='height: 400px;'><a class=\"av_gmaps_browser_disabled av_text_confirm_link av_text_confirm_link_visible\" href=\"https:\/\/www.google.com\/maps\/search\/?api=1&#038;query=Diseminado%20Afueras,%2059%2025725%20%20Lleida\" target=\"_blank\">Maps were disabled by the visitor on this site. Click to open the map in a new window.<\/a><\/div><\/div><\/div>\n","protected":false},"excerpt":{"rendered":"","protected":false},"author":3,"featured_media":50674,"parent":50642,"menu_order":10,"comment_status":"closed","ping_status":"closed","template":"","meta":{"footnotes":""},"class_list":["post-50721","page","type-page","status-publish","has-post-thumbnail","hentry"],"_links":{"self":[{"href":"https:\/\/cerdanya.org\/en\/wp-json\/wp\/v2\/pages\/50721","targetHints":{"allow":["GET"]}}],"collection":[{"href":"https:\/\/cerdanya.org\/en\/wp-json\/wp\/v2\/pages"}],"about":[{"href":"https:\/\/cerdanya.org\/en\/wp-json\/wp\/v2\/types\/page"}],"author":[{"embeddable":true,"href":"https:\/\/cerdanya.org\/en\/wp-json\/wp\/v2\/users\/3"}],"replies":[{"embeddable":true,"href":"https:\/\/cerdanya.org\/en\/wp-json\/wp\/v2\/comments?post=50721"}],"version-history":[{"count":0,"href":"https:\/\/cerdanya.org\/en\/wp-json\/wp\/v2\/pages\/50721\/revisions"}],"up":[{"embeddable":true,"href":"https:\/\/cerdanya.org\/en\/wp-json\/wp\/v2\/pages\/50642"}],"wp:featuredmedia":[{"embeddable":true,"href":"https:\/\/cerdanya.org\/en\/wp-json\/wp\/v2\/media\/50674"}],"wp:attachment":[{"href":"https:\/\/cerdanya.org\/en\/wp-json\/wp\/v2\/media?parent=50721"}],"curies":[{"name":"wp","href":"https:\/\/api.w.org\/{rel}","templated":true}]}}