{"id":31681,"date":"2022-04-25T15:55:42","date_gmt":"2022-04-25T13:55:42","guid":{"rendered":"http:\/\/www.cerdanya.org\/sant-jaume-de-rigolisa\/"},"modified":"2022-04-28T23:06:20","modified_gmt":"2022-04-28T21:06:20","slug":"sant-jaume-de-rigolisa","status":"publish","type":"page","link":"https:\/\/cerdanya.org\/en\/what-to-do\/cultural-tourism\/cultural-heritage\/puigcerda\/sant-jaume-de-rigolisa\/","title":{"rendered":"Sant Jaume de Rigolisa"},"content":{"rendered":"\n<style type=\"text\/css\" data-created_by=\"avia_inline_auto\" id=\"style-css-av-36rb4oj-ba4d95154227ed0d8a771e7152bf9e9e\">\n.flex_column.av-36rb4oj-ba4d95154227ed0d8a771e7152bf9e9e{\nborder-radius:0px 0px 0px 0px;\npadding:0px 0px 0px 0px;\n}\n<\/style>\n<div  class='flex_column av-36rb4oj-ba4d95154227ed0d8a771e7152bf9e9e av_one_half  avia-builder-el-0  el_before_av_one_half  avia-builder-el-first  first flex_column_div av-zero-column-padding  '     ><p>\n<style type=\"text\/css\" data-created_by=\"avia_inline_auto\" id=\"style-css-av-qi5k6x-155915b9e539493881927cc710f8f298\">\n#top .av-special-heading.av-qi5k6x-155915b9e539493881927cc710f8f298{\npadding-bottom:10px;\n}\nbody .av-special-heading.av-qi5k6x-155915b9e539493881927cc710f8f298 .av-special-heading-tag .heading-char{\nfont-size:25px;\n}\n.av-special-heading.av-qi5k6x-155915b9e539493881927cc710f8f298 .av-subheading{\nfont-size:15px;\n}\n<\/style>\n<div  class='av-special-heading av-qi5k6x-155915b9e539493881927cc710f8f298 av-special-heading-h5  avia-builder-el-1  el_before_av_textblock  avia-builder-el-first '><h5 class='av-special-heading-tag '  itemprop=\"headline\"  >Description<\/h5><div class=\"special-heading-border\"><div class=\"special-heading-inner-border\"><\/div><\/div><\/div><br \/>\n<section  class='av_textblock_section av-ksyomoyl-25f1f3c8b1a0a9b03a6473be4799410f '   itemscope=\"itemscope\" itemtype=\"https:\/\/schema.org\/CreativeWork\" ><div class='avia_textblock'  itemprop=\"text\" ><p>The old chapel is known to have been destroyed by the French in 1793 and rebuilt by the Guasch family. In any case, in 1885 it was almost in ruins. With the acquisition of the estate by F\u00e8lix Maci\u00e0 Gelbert, he intended, from the outset, to carry out its reconstruction, which would eventually be done by his children F\u00e8lix and Merc\u00e8 Maci\u00e0 Bonaplata. The current one, slightly displaced from the previous one, was inaugurated and blessed on Saint James&#8217; Day 1887.<\/p>\n<p>The neoclassical style chapel consists of three parts: a crypt under the presbytery, the chapel itself and the square bell tower that rises 17 meters. Its architect Salvador Vi\u00f1als from Barcelona. Its altarpiece, as well as several paintings by Pere Borrell, were lost in the looting it suffered in 1936.<\/p>\n<\/div><\/section><\/p><\/div>\n<style type=\"text\/css\" data-created_by=\"avia_inline_auto\" id=\"style-css-av-2coqnf7-fe66bdd07c1c8428c9bfcd41c861e712\">\n.flex_column.av-2coqnf7-fe66bdd07c1c8428c9bfcd41c861e712{\nborder-radius:0px 0px 0px 0px;\npadding:0px 0px 0px 0px;\n}\n<\/style>\n<div  class='flex_column av-2coqnf7-fe66bdd07c1c8428c9bfcd41c861e712 av_one_half  avia-builder-el-3  el_after_av_one_half  avia-builder-el-last  flex_column_div av-zero-column-padding  '     ><style type=\"text\/css\" data-created_by=\"avia_inline_auto\" id=\"style-css-av-29ooh4j-d460b64f3943baa03d91a492c6171b1b\">\n#top .avia-gallery.av-29ooh4j-d460b64f3943baa03d91a492c6171b1b .avia-gallery-thumb a{\nwidth:20%;\n}\n<\/style>\n<div  class='avia-gallery av-29ooh4j-d460b64f3943baa03d91a492c6171b1b avia_animate_when_visible  avia-builder-el-4  avia-builder-el-no-sibling  avia_lazyload av-slideshow-ui av-loop-manual-endless av-control-hidden av-navigate-arrows av-navigate-dots hover-effect av-control-hidden avia-gallery-animate avia-gallery-1'  itemprop=\"image\" itemscope=\"itemscope\" itemtype=\"https:\/\/schema.org\/ImageObject\" ><meta itemprop=\"contentURL\" content=\"https:\/\/cerdanya.org\/en\/what-to-do\/cultural-tourism\/cultural-heritage\/puigcerda\/sant-jaume-de-rigolisa\/\"><div class='avia-gallery-big-wrapper'><a class='avia-gallery-big fakeLightbox lightbox avia-gallery-big-crop-thumb ' href=\"https:\/\/cerdanya.org\/wp-content\/uploads\/2021\/12\/sant-jaume-rigolisa-1030x687.jpg\" data-srcset=\"https:\/\/cerdanya.org\/wp-content\/uploads\/2021\/12\/sant-jaume-rigolisa-1030x687.jpg 1030w, https:\/\/cerdanya.org\/wp-content\/uploads\/2021\/12\/sant-jaume-rigolisa-300x200.jpg 300w, https:\/\/cerdanya.org\/wp-content\/uploads\/2021\/12\/sant-jaume-rigolisa-768x512.jpg 768w, https:\/\/cerdanya.org\/wp-content\/uploads\/2021\/12\/sant-jaume-rigolisa-705x470.jpg 705w, https:\/\/cerdanya.org\/wp-content\/uploads\/2021\/12\/sant-jaume-rigolisa.jpg 1500w\" data-sizes=\"(max-width: 1030px) 100vw, 1030px\"  data-onclick='1' title='Sant Jaume de Rigolisa' ><span class='avia-gallery-big-inner'  itemprop=\"thumbnailUrl\" ><img decoding=\"async\" fetchpriority=\"high\" class=\"wp-image-24580 avia-img-lazy-loading-not-24580\"  width=\"495\" height=\"400\" src=\"https:\/\/cerdanya.org\/wp-content\/uploads\/2021\/12\/sant-jaume-rigolisa-495x400.jpg\" title='PUIGCERDA\u0300- Sant Jaume de Rigolisa' alt='Sant Jaume de Rigolisa' srcset=\"https:\/\/cerdanya.org\/wp-content\/uploads\/2021\/12\/sant-jaume-rigolisa-495x400.jpg 495w, https:\/\/cerdanya.org\/wp-content\/uploads\/2021\/12\/sant-jaume-rigolisa-845x684.jpg 845w\" sizes=\"(max-width: 495px) 100vw, 495px\" \/><span class='avia-gallery-caption'>Sant Jaume de Rigolisa<\/span><\/span><\/a><\/div><div class='avia-gallery-thumb'><a href=\"https:\/\/cerdanya.org\/wp-content\/uploads\/2021\/12\/sant-jaume-rigolisa-1030x687.jpg\" data-srcset=\"https:\/\/cerdanya.org\/wp-content\/uploads\/2021\/12\/sant-jaume-rigolisa-1030x687.jpg 1030w, https:\/\/cerdanya.org\/wp-content\/uploads\/2021\/12\/sant-jaume-rigolisa-300x200.jpg 300w, https:\/\/cerdanya.org\/wp-content\/uploads\/2021\/12\/sant-jaume-rigolisa-768x512.jpg 768w, https:\/\/cerdanya.org\/wp-content\/uploads\/2021\/12\/sant-jaume-rigolisa-705x470.jpg 705w, https:\/\/cerdanya.org\/wp-content\/uploads\/2021\/12\/sant-jaume-rigolisa.jpg 1500w\" data-sizes=\"(max-width: 1030px) 100vw, 1030px\" data-rel='gallery-1' data-prev-img='https:\/\/cerdanya.org\/wp-content\/uploads\/2021\/12\/sant-jaume-rigolisa-495x400.jpg' class='first_thumb lightbox ' data-onclick='1' title='Sant Jaume de Rigolisa'  itemprop=\"thumbnailUrl\"  ><img decoding=\"async\" fetchpriority=\"high\" class=\"wp-image-24580 avia-img-lazy-loading-not-24580\"  data-avia-tooltip='Sant Jaume de Rigolisa' src=\"https:\/\/cerdanya.org\/wp-content\/uploads\/2021\/12\/sant-jaume-rigolisa-495x400.jpg\" width=\"495\" height=\"400\"  title='PUIGCERDA\u0300- Sant Jaume de Rigolisa' alt='Sant Jaume de Rigolisa' srcset=\"https:\/\/cerdanya.org\/wp-content\/uploads\/2021\/12\/sant-jaume-rigolisa-495x400.jpg 495w, https:\/\/cerdanya.org\/wp-content\/uploads\/2021\/12\/sant-jaume-rigolisa-845x684.jpg 845w\" sizes=\"(max-width: 495px) 100vw, 495px\" \/><div class='big-prev-fake'><img decoding=\"async\" loading=\"lazy\" class=\"wp-image-24580 avia-img-lazy-loading-24580\"  width=\"495\" height=\"400\" src=\"https:\/\/cerdanya.org\/wp-content\/uploads\/2021\/12\/sant-jaume-rigolisa-495x400.jpg\" title='PUIGCERDA\u0300- Sant Jaume de Rigolisa' alt='Sant Jaume de Rigolisa' srcset=\"https:\/\/cerdanya.org\/wp-content\/uploads\/2021\/12\/sant-jaume-rigolisa-495x400.jpg 495w, https:\/\/cerdanya.org\/wp-content\/uploads\/2021\/12\/sant-jaume-rigolisa-845x684.jpg 845w\" sizes=\"auto, (max-width: 495px) 100vw, 495px\" \/><\/div><\/a><a href=\"https:\/\/cerdanya.org\/wp-content\/uploads\/2021\/12\/sant-jaume-rigolisa-altar-1030x687.jpg\" data-srcset=\"https:\/\/cerdanya.org\/wp-content\/uploads\/2021\/12\/sant-jaume-rigolisa-altar-1030x687.jpg 1030w, https:\/\/cerdanya.org\/wp-content\/uploads\/2021\/12\/sant-jaume-rigolisa-altar-300x200.jpg 300w, https:\/\/cerdanya.org\/wp-content\/uploads\/2021\/12\/sant-jaume-rigolisa-altar-768x512.jpg 768w, https:\/\/cerdanya.org\/wp-content\/uploads\/2021\/12\/sant-jaume-rigolisa-altar-705x470.jpg 705w, https:\/\/cerdanya.org\/wp-content\/uploads\/2021\/12\/sant-jaume-rigolisa-altar.jpg 1500w\" data-sizes=\"(max-width: 1030px) 100vw, 1030px\" data-rel='gallery-1' data-prev-img='https:\/\/cerdanya.org\/wp-content\/uploads\/2021\/12\/sant-jaume-rigolisa-altar-495x400.jpg' class='lightbox ' data-onclick='2' title='Sant Jaume de Rigolisa'  itemprop=\"thumbnailUrl\"  ><img decoding=\"async\" fetchpriority=\"high\" class=\"wp-image-24582 avia-img-lazy-loading-not-24582\"  data-avia-tooltip='Sant Jaume de Rigolisa' src=\"https:\/\/cerdanya.org\/wp-content\/uploads\/2021\/12\/sant-jaume-rigolisa-altar-495x400.jpg\" width=\"495\" height=\"400\"  title='PUIGCERDA\u0300- Sant Jaume de Rigolisa' alt='Sant Jaume de Rigolisa' srcset=\"https:\/\/cerdanya.org\/wp-content\/uploads\/2021\/12\/sant-jaume-rigolisa-altar-495x400.jpg 495w, https:\/\/cerdanya.org\/wp-content\/uploads\/2021\/12\/sant-jaume-rigolisa-altar-845x684.jpg 845w\" sizes=\"(max-width: 495px) 100vw, 495px\" \/><div class='big-prev-fake'><img decoding=\"async\" loading=\"lazy\" class=\"wp-image-24582 avia-img-lazy-loading-24582\"  width=\"495\" height=\"400\" src=\"https:\/\/cerdanya.org\/wp-content\/uploads\/2021\/12\/sant-jaume-rigolisa-altar-495x400.jpg\" title='PUIGCERDA\u0300- Sant Jaume de Rigolisa' alt='Sant Jaume de Rigolisa' srcset=\"https:\/\/cerdanya.org\/wp-content\/uploads\/2021\/12\/sant-jaume-rigolisa-altar-495x400.jpg 495w, https:\/\/cerdanya.org\/wp-content\/uploads\/2021\/12\/sant-jaume-rigolisa-altar-845x684.jpg 845w\" sizes=\"auto, (max-width: 495px) 100vw, 495px\" \/><\/div><\/a><a href=\"https:\/\/cerdanya.org\/wp-content\/uploads\/2021\/12\/sant-jaume-rigolisa-cor-1030x687.jpg\" data-srcset=\"https:\/\/cerdanya.org\/wp-content\/uploads\/2021\/12\/sant-jaume-rigolisa-cor-1030x687.jpg 1030w, https:\/\/cerdanya.org\/wp-content\/uploads\/2021\/12\/sant-jaume-rigolisa-cor-300x200.jpg 300w, https:\/\/cerdanya.org\/wp-content\/uploads\/2021\/12\/sant-jaume-rigolisa-cor-768x512.jpg 768w, https:\/\/cerdanya.org\/wp-content\/uploads\/2021\/12\/sant-jaume-rigolisa-cor-705x470.jpg 705w, https:\/\/cerdanya.org\/wp-content\/uploads\/2021\/12\/sant-jaume-rigolisa-cor.jpg 1500w\" data-sizes=\"(max-width: 1030px) 100vw, 1030px\" data-rel='gallery-1' data-prev-img='https:\/\/cerdanya.org\/wp-content\/uploads\/2021\/12\/sant-jaume-rigolisa-cor-495x400.jpg' class='lightbox ' data-onclick='3' title='Sant Jaume de Rigolisa'  itemprop=\"thumbnailUrl\"  ><img decoding=\"async\" fetchpriority=\"high\" class=\"wp-image-24584 avia-img-lazy-loading-not-24584\"  data-avia-tooltip='Sant Jaume de Rigolisa' src=\"https:\/\/cerdanya.org\/wp-content\/uploads\/2021\/12\/sant-jaume-rigolisa-cor-495x400.jpg\" width=\"495\" height=\"400\"  title='PUIGCERDA\u0300- Sant Jaume de Rigolisa' alt='Sant Jaume de Rigolisa' srcset=\"https:\/\/cerdanya.org\/wp-content\/uploads\/2021\/12\/sant-jaume-rigolisa-cor-495x400.jpg 495w, https:\/\/cerdanya.org\/wp-content\/uploads\/2021\/12\/sant-jaume-rigolisa-cor-845x684.jpg 845w\" sizes=\"(max-width: 495px) 100vw, 495px\" \/><div class='big-prev-fake'><img decoding=\"async\" loading=\"lazy\" class=\"wp-image-24584 avia-img-lazy-loading-24584\"  width=\"495\" height=\"400\" src=\"https:\/\/cerdanya.org\/wp-content\/uploads\/2021\/12\/sant-jaume-rigolisa-cor-495x400.jpg\" title='PUIGCERDA\u0300- Sant Jaume de Rigolisa' alt='Sant Jaume de Rigolisa' srcset=\"https:\/\/cerdanya.org\/wp-content\/uploads\/2021\/12\/sant-jaume-rigolisa-cor-495x400.jpg 495w, https:\/\/cerdanya.org\/wp-content\/uploads\/2021\/12\/sant-jaume-rigolisa-cor-845x684.jpg 845w\" sizes=\"auto, (max-width: 495px) 100vw, 495px\" \/><\/div><\/a><a href=\"https:\/\/cerdanya.org\/wp-content\/uploads\/2021\/12\/sant-jaume-rigolisa-escala-1030x687.jpg\" data-srcset=\"https:\/\/cerdanya.org\/wp-content\/uploads\/2021\/12\/sant-jaume-rigolisa-escala-1030x687.jpg 1030w, https:\/\/cerdanya.org\/wp-content\/uploads\/2021\/12\/sant-jaume-rigolisa-escala-300x200.jpg 300w, https:\/\/cerdanya.org\/wp-content\/uploads\/2021\/12\/sant-jaume-rigolisa-escala-768x512.jpg 768w, https:\/\/cerdanya.org\/wp-content\/uploads\/2021\/12\/sant-jaume-rigolisa-escala-705x470.jpg 705w, https:\/\/cerdanya.org\/wp-content\/uploads\/2021\/12\/sant-jaume-rigolisa-escala.jpg 1500w\" data-sizes=\"(max-width: 1030px) 100vw, 1030px\" data-rel='gallery-1' data-prev-img='https:\/\/cerdanya.org\/wp-content\/uploads\/2021\/12\/sant-jaume-rigolisa-escala-495x400.jpg' class='lightbox ' data-onclick='4' title='Sant Jaume de Rigolisa'  itemprop=\"thumbnailUrl\"  ><img decoding=\"async\" fetchpriority=\"high\" class=\"wp-image-24586 avia-img-lazy-loading-not-24586\"  data-avia-tooltip='Sant Jaume de Rigolisa' src=\"https:\/\/cerdanya.org\/wp-content\/uploads\/2021\/12\/sant-jaume-rigolisa-escala-495x400.jpg\" width=\"495\" height=\"400\"  title='PUIGCERDA\u0300- Sant Jaume de Rigolisa' alt='Sant Jaume de Rigolisa' srcset=\"https:\/\/cerdanya.org\/wp-content\/uploads\/2021\/12\/sant-jaume-rigolisa-escala-495x400.jpg 495w, https:\/\/cerdanya.org\/wp-content\/uploads\/2021\/12\/sant-jaume-rigolisa-escala-845x684.jpg 845w\" sizes=\"(max-width: 495px) 100vw, 495px\" \/><div class='big-prev-fake'><img decoding=\"async\" loading=\"lazy\" class=\"wp-image-24586 avia-img-lazy-loading-24586\"  width=\"495\" height=\"400\" src=\"https:\/\/cerdanya.org\/wp-content\/uploads\/2021\/12\/sant-jaume-rigolisa-escala-495x400.jpg\" title='PUIGCERDA\u0300- Sant Jaume de Rigolisa' alt='Sant Jaume de Rigolisa' srcset=\"https:\/\/cerdanya.org\/wp-content\/uploads\/2021\/12\/sant-jaume-rigolisa-escala-495x400.jpg 495w, https:\/\/cerdanya.org\/wp-content\/uploads\/2021\/12\/sant-jaume-rigolisa-escala-845x684.jpg 845w\" sizes=\"auto, (max-width: 495px) 100vw, 495px\" \/><\/div><\/a><\/div><\/div><\/div><\/p>\n","protected":false},"excerpt":{"rendered":"","protected":false},"author":3,"featured_media":23349,"parent":31816,"menu_order":40,"comment_status":"closed","ping_status":"closed","template":"","meta":{"footnotes":""},"class_list":["post-31681","page","type-page","status-publish","has-post-thumbnail","hentry"],"_links":{"self":[{"href":"https:\/\/cerdanya.org\/en\/wp-json\/wp\/v2\/pages\/31681","targetHints":{"allow":["GET"]}}],"collection":[{"href":"https:\/\/cerdanya.org\/en\/wp-json\/wp\/v2\/pages"}],"about":[{"href":"https:\/\/cerdanya.org\/en\/wp-json\/wp\/v2\/types\/page"}],"author":[{"embeddable":true,"href":"https:\/\/cerdanya.org\/en\/wp-json\/wp\/v2\/users\/3"}],"replies":[{"embeddable":true,"href":"https:\/\/cerdanya.org\/en\/wp-json\/wp\/v2\/comments?post=31681"}],"version-history":[{"count":0,"href":"https:\/\/cerdanya.org\/en\/wp-json\/wp\/v2\/pages\/31681\/revisions"}],"up":[{"embeddable":true,"href":"https:\/\/cerdanya.org\/en\/wp-json\/wp\/v2\/pages\/31816"}],"wp:featuredmedia":[{"embeddable":true,"href":"https:\/\/cerdanya.org\/en\/wp-json\/wp\/v2\/media\/23349"}],"wp:attachment":[{"href":"https:\/\/cerdanya.org\/en\/wp-json\/wp\/v2\/media?parent=31681"}],"curies":[{"name":"wp","href":"https:\/\/api.w.org\/{rel}","templated":true}]}}