{"id":165019,"date":"2025-03-14T11:45:58","date_gmt":"2025-03-14T10:45:58","guid":{"rendered":"https:\/\/cerdanya.org\/what-to-do\/nature-tourism\/ornithology\/recursos\/"},"modified":"2025-11-26T12:50:48","modified_gmt":"2025-11-26T11:50:48","slug":"resources","status":"publish","type":"page","link":"https:\/\/cerdanya.org\/en\/what-to-do\/nature-tourism\/ornithology\/resources\/","title":{"rendered":"Resources"},"content":{"rendered":"<div  class='flex_column av-2ggzym3-258acb6da20d3343c13ad44cc7772936 av_one_full  avia-builder-el-0  el_before_av_submenu  avia-builder-el-no-sibling  first flex_column_div  '     ><section  class='av_textblock_section av-m88wo9v2-90f220fc137ef56dd7861bec116f6bed '   itemscope=\"itemscope\" itemtype=\"https:\/\/schema.org\/CreativeWork\" ><div class='avia_textblock'  itemprop=\"text\" ><blockquote>\n<p data-start=\"531\" data-end=\"698\">In this section, we provide birdwatching checklists, information on ornithological routes, activities, and everything you need to enjoy bird observation in the region.<\/p>\n<p data-start=\"700\" data-end=\"807\">Explore the biodiversity of Cerdanya and get ready for your next outing with all the essential information!<\/p>\n<\/blockquote>\n<\/div><\/section><\/div>\n<\/div><\/div><\/div><!-- close content main div --><\/div><\/div><div class='clear'><\/div><div id='sub_menu1'  class='av-submenu-container av-m8a11jtu-cc011d582271a2b2e6e5cfb2c76f123a main_color  avia-builder-el-2  el_after_av_one_full  el_before_av_section  av-sticky-submenu submenu-not-first container_wrap fullsize' style='z-index:301' ><div class='container av-menu-mobile-disabled av-submenu-pos-center'><ul id='av-custom-submenu-1' class='av-subnav-menu' role='menu'>\n<li class='menu-item av-m8a11gqj-eed1e80d5f51c53896bbc23cd553b0fd menu-item-top-level menu-item-top-level-1' role='menuitem'><a href='#checklist'  ><span class='avia-bullet'><\/span><span class='avia-menu-text'>Checklist<\/span><\/a><\/li>\n<li class='menu-item av-m8a1qj2r-fb0a73df98b782f8aca8bca3acc915d2 menu-item-top-level menu-item-top-level-2' role='menuitem'><a href='#serveis'  ><span class='avia-bullet'><\/span><span class='avia-menu-text'>Services<\/span><\/a><\/li>\n<\/ul><\/div><\/div><div class='sticky_placeholder'><\/div>\n<div id='checklist'  class='avia-section av-m8a1suxx-1c48c88597b53a4959a2ef06e1ad3570 main_color avia-section-default avia-no-border-styling  avia-builder-el-3  el_after_av_submenu  el_before_av_section  avia-bg-style-scroll container_wrap fullsize'  ><div class='container av-section-cont-open' ><div class='template-page content  av-content-full alpha units'><div class='post-entry post-entry-type-page post-entry-165019'><div class='entry-content-wrapper clearfix'>\n\n<style type=\"text\/css\" data-created_by=\"avia_inline_auto\" id=\"style-css-av-m89ze32y-a521424cab546a16ba450e23f6e91245\">\n#top .av-special-heading.av-m89ze32y-a521424cab546a16ba450e23f6e91245{\npadding-bottom:10px;\n}\nbody .av-special-heading.av-m89ze32y-a521424cab546a16ba450e23f6e91245 .av-special-heading-tag .heading-char{\nfont-size:25px;\n}\n.av-special-heading.av-m89ze32y-a521424cab546a16ba450e23f6e91245 .av-subheading{\nfont-size:15px;\n}\n<\/style>\n<div  class='av-special-heading av-m89ze32y-a521424cab546a16ba450e23f6e91245 av-special-heading-h2  avia-builder-el-4  el_before_av_one_half  avia-builder-el-first '><h2 class='av-special-heading-tag '  itemprop=\"headline\"  >Checklist<\/h2><div class=\"special-heading-border\"><div class=\"special-heading-inner-border\"><\/div><\/div><\/div>\n<div  class='flex_column av-232qum3-e6121b82d05d3d10467926a2febc8b2d av_one_half  avia-builder-el-5  el_after_av_heading  el_before_av_one_half  first flex_column_div  '     ><p>\n<style type=\"text\/css\" data-created_by=\"avia_inline_auto\" id=\"style-css-av-m88wq8jy-3bb945aad5e3c409e21cccca8043af2f\">\n#top .av-special-heading.av-m88wq8jy-3bb945aad5e3c409e21cccca8043af2f{\npadding-bottom:10px;\n}\nbody .av-special-heading.av-m88wq8jy-3bb945aad5e3c409e21cccca8043af2f .av-special-heading-tag .heading-char{\nfont-size:25px;\n}\n.av-special-heading.av-m88wq8jy-3bb945aad5e3c409e21cccca8043af2f .av-subheading{\nfont-size:15px;\n}\n<\/style>\n<div  class='av-special-heading av-m88wq8jy-3bb945aad5e3c409e21cccca8043af2f av-special-heading-h3  avia-builder-el-6  el_before_av_image  avia-builder-el-first '><h3 class='av-special-heading-tag '  itemprop=\"headline\"  >List of the Birds of Cerdanya<\/h3><div class=\"special-heading-border\"><div class=\"special-heading-inner-border\"><\/div><\/div><\/div><br \/>\n\n<style type=\"text\/css\" data-created_by=\"avia_inline_auto\" id=\"style-css-av-m88wuv7i-2763b57adeaf3c81c20b5f656f451e46\">\n.avia-image-container.av-m88wuv7i-2763b57adeaf3c81c20b5f656f451e46 img.avia_image{\nbox-shadow:none;\n}\n.avia-image-container.av-m88wuv7i-2763b57adeaf3c81c20b5f656f451e46 .av-image-caption-overlay-center{\ncolor:#ffffff;\n}\n<\/style>\n<div  class='avia-image-container av-m88wuv7i-2763b57adeaf3c81c20b5f656f451e46 av-styling- av-img-linked avia-align-left  avia-builder-el-7  el_after_av_heading  el_before_av_textblock '   itemprop=\"image\" itemscope=\"itemscope\" itemtype=\"https:\/\/schema.org\/ImageObject\" ><div class=\"avia-image-container-inner\"><div class=\"avia-image-overlay-wrap\"><a href=\"http:\/\/cerdanya.org\/wp-content\/uploads\/2025\/03\/check_list_ocells_cerdanya.pdf\" class='avia_image '  target=\"_blank\"  rel=\"noopener noreferrer\" aria-label='check_list_ocells_cerdanya'><img decoding=\"async\" fetchpriority=\"high\" class='wp-image-75190 avia-img-lazy-loading-not-75190 avia_image ' src=\"https:\/\/cerdanya.org\/wp-content\/uploads\/2025\/03\/check_list_ocells_cerdanya-1416x1500.jpg\" alt='' title='check_list_ocells_cerdanya'  height=\"1500\" width=\"1416\"  itemprop=\"thumbnailUrl\" srcset=\"https:\/\/cerdanya.org\/wp-content\/uploads\/2025\/03\/check_list_ocells_cerdanya-1416x1500.jpg 1416w, https:\/\/cerdanya.org\/wp-content\/uploads\/2025\/03\/check_list_ocells_cerdanya-283x300.jpg 283w, https:\/\/cerdanya.org\/wp-content\/uploads\/2025\/03\/check_list_ocells_cerdanya-972x1030.jpg 972w, https:\/\/cerdanya.org\/wp-content\/uploads\/2025\/03\/check_list_ocells_cerdanya-768x813.jpg 768w, https:\/\/cerdanya.org\/wp-content\/uploads\/2025\/03\/check_list_ocells_cerdanya-1450x1536.jpg 1450w, https:\/\/cerdanya.org\/wp-content\/uploads\/2025\/03\/check_list_ocells_cerdanya-1934x2048.jpg 1934w, https:\/\/cerdanya.org\/wp-content\/uploads\/2025\/03\/check_list_ocells_cerdanya-666x705.jpg 666w\" sizes=\"(max-width: 1416px) 100vw, 1416px\" \/><\/a><\/div><\/div><\/div><br \/>\n<section  class='av_textblock_section av-m88wwunm-01fabc1832b384b9b304535037d85825 '   itemscope=\"itemscope\" itemtype=\"https:\/\/schema.org\/CreativeWork\" ><div class='avia_textblock'  itemprop=\"text\" ><p>The bird list of Cerdanya consists of 220 species.<\/p>\n<p>It has been compiled using data extracted from the online databases Ornitho, eBird, and GBIF. The scientific names and the Catalan names follow those proposed by Franch, M., Gil-Velasco, M., Illa, M., Burgas, A., Dalmau, G., Espluga, B., Fuentes, M.A., Larruy, X., L\u00f3pez-Carrasco, J., and Oll\u00e9, \u00c0. (2024). <em>List of the Birds of Catalonia. 2024 Edition<\/em>. Avifaunistic Committee of Catalonia (CAC), Catalan Institute of Ornithology (ICO).<\/p>\n<p>For each species, the scientific name (genus and species), the official name in Catalan, English, Spanish, and French, its abundance, and its phenology (the condition in which it is most commonly detected) are provided. The species are grouped by families with their Latin names.<\/p>\n<\/div><\/section><br \/>\n<section  class='av_textblock_section av-m88xpfjv-a6b90dee9726126bdcdc31da0eb2b3f6 '   itemscope=\"itemscope\" itemtype=\"https:\/\/schema.org\/CreativeWork\" ><div class='avia_textblock'  itemprop=\"text\" ><p style=\"text-align: center;\"><a href=\"http:\/\/cerdanya.org\/wp-content\/uploads\/2025\/03\/check_list_ocells_cerdanya.pdf\" target=\"_blank\" rel=\"noopener\">Click here to download it<\/a><\/p>\n<\/div><\/section><\/p><\/div><div  class='flex_column av-1nurhff-121e10ac5689688230b3c977858e2688 av_one_half  avia-builder-el-10  el_after_av_one_half  avia-builder-el-last  flex_column_div  '     ><p>\n<style type=\"text\/css\" data-created_by=\"avia_inline_auto\" id=\"style-css-av-m88x9ems-c60facd6249506e7f6b26e7d1ae14ca5\">\n#top .av-special-heading.av-m88x9ems-c60facd6249506e7f6b26e7d1ae14ca5{\npadding-bottom:10px;\n}\nbody .av-special-heading.av-m88x9ems-c60facd6249506e7f6b26e7d1ae14ca5 .av-special-heading-tag .heading-char{\nfont-size:25px;\n}\n.av-special-heading.av-m88x9ems-c60facd6249506e7f6b26e7d1ae14ca5 .av-subheading{\nfont-size:15px;\n}\n<\/style>\n<div  class='av-special-heading av-m88x9ems-c60facd6249506e7f6b26e7d1ae14ca5 av-special-heading-h3  avia-builder-el-11  el_before_av_image  avia-builder-el-first '><h3 class='av-special-heading-tag '  itemprop=\"headline\"  >100 bird species of the Cad\u00ed\u2013Moixer\u00f3 Natural Park<\/h3><div class=\"special-heading-border\"><div class=\"special-heading-inner-border\"><\/div><\/div><\/div><br \/>\n\n<style type=\"text\/css\" data-created_by=\"avia_inline_auto\" id=\"style-css-av-m88xblys-fa171e69353ab3296bf85cf4ca054465\">\n.avia-image-container.av-m88xblys-fa171e69353ab3296bf85cf4ca054465 img.avia_image{\nbox-shadow:none;\n}\n.avia-image-container.av-m88xblys-fa171e69353ab3296bf85cf4ca054465 .av-image-caption-overlay-center{\ncolor:#ffffff;\n}\n<\/style>\n<div  class='avia-image-container av-m88xblys-fa171e69353ab3296bf85cf4ca054465 av-styling- av-img-linked avia-align-left  avia-builder-el-12  el_after_av_heading  el_before_av_textblock '   itemprop=\"image\" itemscope=\"itemscope\" itemtype=\"https:\/\/schema.org\/ImageObject\" ><div class=\"avia-image-container-inner\"><div class=\"avia-image-overlay-wrap\"><a href=\"http:\/\/cerdanya.org\/wp-content\/uploads\/2025\/02\/14.100-especies-d-ocells-del-PNCM-CAT-EN.pdf\" class='avia_image '  target=\"_blank\"  rel=\"noopener noreferrer\" aria-label='14.100-especies-d-ocells-del-PNCM'><img decoding=\"async\" fetchpriority=\"high\" class='wp-image-74235 avia-img-lazy-loading-not-74235 avia_image ' src=\"https:\/\/cerdanya.org\/wp-content\/uploads\/2025\/02\/14.100-especies-d-ocells-del-PNCM.jpg\" alt='' title='14.100-especies-d-ocells-del-PNCM'  height=\"787\" width=\"481\"  itemprop=\"thumbnailUrl\" srcset=\"https:\/\/cerdanya.org\/wp-content\/uploads\/2025\/02\/14.100-especies-d-ocells-del-PNCM.jpg 481w, https:\/\/cerdanya.org\/wp-content\/uploads\/2025\/02\/14.100-especies-d-ocells-del-PNCM-183x300.jpg 183w, https:\/\/cerdanya.org\/wp-content\/uploads\/2025\/02\/14.100-especies-d-ocells-del-PNCM-431x705.jpg 431w\" sizes=\"(max-width: 481px) 100vw, 481px\" \/><\/a><\/div><\/div><\/div><br \/>\n<section  class='av_textblock_section av-m88xabcw-b3fea25a5ae1eb3b51f275ce47586c31 '   itemscope=\"itemscope\" itemtype=\"https:\/\/schema.org\/CreativeWork\" ><div class='avia_textblock'  itemprop=\"text\" ><p>Brochure to observe and identify the most representative bird species you can find in the Cad\u00ed-Moixer\u00f3 Natural Park.<\/p>\n<\/div><\/section><br \/>\n<section  class='av_textblock_section av-m88xpz02-5167813e5317cfdde00b5c27f41fe47d '   itemscope=\"itemscope\" itemtype=\"https:\/\/schema.org\/CreativeWork\" ><div class='avia_textblock'  itemprop=\"text\" ><p style=\"text-align: center;\"><a href=\"https:\/\/cerdanya.org\/wp-content\/uploads\/2025\/02\/14.100-especies-d-ocells-del-PNCM-CAT-EN.pdf\" target=\"_blank\" rel=\"noopener\">Click here to download it<\/a><\/p>\n<\/div><\/section><\/p><\/div><\/div><\/div><\/div><!-- close content main div --><\/div><\/div><div id='serveis'  class='avia-section av-28858e3-6f7be87b114b2c3706670016c6c843ba main_color avia-section-default avia-no-border-styling  avia-builder-el-15  el_after_av_section  avia-builder-el-last  avia-bg-style-scroll container_wrap fullsize'  ><div class='container av-section-cont-open' ><div class='template-page content  av-content-full alpha units'><div class='post-entry post-entry-type-page post-entry-165019'><div class='entry-content-wrapper clearfix'>\n\n<style type=\"text\/css\" data-created_by=\"avia_inline_auto\" id=\"style-css-av-m89zh29j-ec966f6a813374b0c0198fdc0a2b7d03\">\n#top .av-special-heading.av-m89zh29j-ec966f6a813374b0c0198fdc0a2b7d03{\npadding-bottom:10px;\n}\nbody .av-special-heading.av-m89zh29j-ec966f6a813374b0c0198fdc0a2b7d03 .av-special-heading-tag .heading-char{\nfont-size:25px;\n}\n.av-special-heading.av-m89zh29j-ec966f6a813374b0c0198fdc0a2b7d03 .av-subheading{\nfont-size:15px;\n}\n<\/style>\n<div  class='av-special-heading av-m89zh29j-ec966f6a813374b0c0198fdc0a2b7d03 av-special-heading-h2  avia-builder-el-16  el_before_av_one_full  avia-builder-el-first '><h2 class='av-special-heading-tag '  itemprop=\"headline\"  >Services<\/h2><div class=\"special-heading-border\"><div class=\"special-heading-inner-border\"><\/div><\/div><\/div>\n<div  class='flex_column av-k38uij-c720f2d6177c27ebacfe8dea16a5baa5 av_one_full  avia-builder-el-17  el_after_av_heading  el_before_av_one_full  first flex_column_div  '     ><style type=\"text\/css\" data-created_by=\"avia_inline_auto\" id=\"style-css-av-m8a2e334-54af1068deabb2670f96e518f136fb6e\">\n#top .av-special-heading.av-m8a2e334-54af1068deabb2670f96e518f136fb6e{\npadding-bottom:10px;\n}\nbody .av-special-heading.av-m8a2e334-54af1068deabb2670f96e518f136fb6e .av-special-heading-tag .heading-char{\nfont-size:25px;\n}\n.av-special-heading.av-m8a2e334-54af1068deabb2670f96e518f136fb6e .av-subheading{\nfont-size:15px;\n}\n<\/style>\n<div  class='av-special-heading av-m8a2e334-54af1068deabb2670f96e518f136fb6e av-special-heading-h3  avia-builder-el-18  avia-builder-el-no-sibling '><h3 class='av-special-heading-tag '  itemprop=\"headline\"  >Birdwatching Guiding<\/h3><div class=\"special-heading-border\"><div class=\"special-heading-inner-border\"><\/div><\/div><\/div><\/div><div  class='flex_column av-u43o9n-9bed261c897f4304cbbce14ddc3818a8 av_one_full  avia-builder-el-19  el_after_av_one_full  avia-builder-el-last  first flex_column_div  column-top-margin'     ><section  class='av_textblock_section av-m8a2gr39-3185b6f0f3ed98abd7849f93e88dfd10 '   itemscope=\"itemscope\" itemtype=\"https:\/\/schema.org\/CreativeWork\" ><div class='avia_textblock'  itemprop=\"text\" ><h4>Taig\u00e0 &#8211; Natura als Pirineus<\/h4>\n<p>Birdwatching guide offering: guided tours around Cerdanya with an expert ornithologist, transport in a 4&#215;4 vehicle, high-quality optical equipment, field gear, and insurance.<\/p>\n<p><strong>Village:<\/strong> Bellver de Cerdanya<\/p>\n<p><strong>Phone:<\/strong> <a tabindex=\"0\" role=\"button\" href=\"tel:+34 630 216 591\" target=\"_blank\" rel=\"noopener\" aria-label=\"Enlla\u00e7 extern a 630 216 591\">630 216 591<br \/>\n<\/a><\/p>\n<p><strong>Email:<\/strong> <a tabindex=\"0\" role=\"button\" href=\"mailto:info@taiga.cat\" aria-label=\"Enlla\u00e7 a info@taiga.cat\">info@taiga.cat<\/a><\/p>\n<\/div><\/section><br \/>\n\n<style type=\"text\/css\" data-created_by=\"avia_inline_auto\" id=\"style-css-av-mapavc1e-7d77265df94d8700cedd40a5f426ee77\">\n#top .hr.hr-invisible.av-mapavc1e-7d77265df94d8700cedd40a5f426ee77{\nheight:50px;\n}\n<\/style>\n<div  class='hr av-mapavc1e-7d77265df94d8700cedd40a5f426ee77 hr-invisible  avia-builder-el-21  el_after_av_textblock  el_before_av_textblock '><span class='hr-inner '><span class=\"hr-inner-style\"><\/span><\/span><\/div><br \/>\n<section  class='av_textblock_section av-maparbx6-d8ac4b466bf27c8a617dc03e572459ad '   itemscope=\"itemscope\" itemtype=\"https:\/\/schema.org\/CreativeWork\" ><div class='avia_textblock'  itemprop=\"text\" ><h4>Aub\u00e8rria<\/h4>\n<p>We offer a wide range of services: ecotourism, environmental awareness and education, heritage dissemination, technical studies, and the sale of products to bring nature closer to you.<\/p>\n<p><strong>Town:<\/strong> La Seu d&#8217;Urgell<\/p>\n<p><strong>Phone:<\/strong> <a tabindex=\"0\" role=\"button\" href=\"tel:608 055 66\" target=\"_blank\" rel=\"noopener\" aria-label=\"Enlla\u00e7 extern a 630 216 591\">630 216 591<br \/>\n<\/a><\/p>\n<p><strong>Website: <\/strong><a href=\"https:\/\/auberria.cat\/\" target=\"_blank\" rel=\"noopener\">auberria.cat<\/a><\/p>\n<p><strong>Instagram:<\/strong>\u00a0<a tabindex=\"0\" role=\"button\" href=\"https:\/\/www.instagram.com\/auberria\/\" target=\"_blank\" rel=\"noopener\" aria-label=\"Enlla\u00e7 a info@taiga.cat\">@auberria<\/a><\/p>\n<\/div><\/section><\/p><\/div>\n<\/p>\n","protected":false},"excerpt":{"rendered":"","protected":false},"author":3,"featured_media":75172,"parent":52751,"menu_order":30,"comment_status":"closed","ping_status":"closed","template":"","meta":{"footnotes":""},"class_list":["post-165019","page","type-page","status-publish","has-post-thumbnail","hentry"],"_links":{"self":[{"href":"https:\/\/cerdanya.org\/en\/wp-json\/wp\/v2\/pages\/165019","targetHints":{"allow":["GET"]}}],"collection":[{"href":"https:\/\/cerdanya.org\/en\/wp-json\/wp\/v2\/pages"}],"about":[{"href":"https:\/\/cerdanya.org\/en\/wp-json\/wp\/v2\/types\/page"}],"author":[{"embeddable":true,"href":"https:\/\/cerdanya.org\/en\/wp-json\/wp\/v2\/users\/3"}],"replies":[{"embeddable":true,"href":"https:\/\/cerdanya.org\/en\/wp-json\/wp\/v2\/comments?post=165019"}],"version-history":[{"count":10,"href":"https:\/\/cerdanya.org\/en\/wp-json\/wp\/v2\/pages\/165019\/revisions"}],"predecessor-version":[{"id":165040,"href":"https:\/\/cerdanya.org\/en\/wp-json\/wp\/v2\/pages\/165019\/revisions\/165040"}],"up":[{"embeddable":true,"href":"https:\/\/cerdanya.org\/en\/wp-json\/wp\/v2\/pages\/52751"}],"wp:featuredmedia":[{"embeddable":true,"href":"https:\/\/cerdanya.org\/en\/wp-json\/wp\/v2\/media\/75172"}],"wp:attachment":[{"href":"https:\/\/cerdanya.org\/en\/wp-json\/wp\/v2\/media?parent=165019"}],"curies":[{"name":"wp","href":"https:\/\/api.w.org\/{rel}","templated":true}]}}